{"id":4198,"date":"2022-03-18T12:44:46","date_gmt":"2022-03-18T11:44:46","guid":{"rendered":"https:\/\/studiehuisreshiet.nl\/?page_id=4198"},"modified":"2022-08-31T11:00:18","modified_gmt":"2022-08-31T09:00:18","slug":"preise-fuer-aufenthalt-und-ausfluege","status":"publish","type":"page","link":"https:\/\/studiehuisreshiet.nl\/de\/preise-fuer-aufenthalt-und-ausfluege\/","title":{"rendered":"Preise f\u00fcr Aufenthalt und Ausfl\u00fcge"},"content":{"rendered":"\n<div id=\"visual-block_620a675d4a031\" class=\"content alignfull visual tekst-wrapper\">\n    <div class=\"container height\">\n        <div class=\"row height d-flex align-items-center justify-content- tekst-container\">\n                            <div class=\"col-sm-12\">\n                    <h1>Studiehuis Reshiet<\/h1>\n                <\/div>\n                    <\/div>\n    <\/div>\n<\/div>\n<style>\n    #visual-block_620a675d4a031.visual{\n        z-index: 0;\n        position: relative;\n                    height: 300px; \n                background: url(https:\/\/studiehuisreshiet.nl\/wp-content\/uploads\/2022\/04\/Untitled-design-2.png) center center; background-size: cover; background-repeat: no-repeat;        margin: 0;\n    }\n        #visual-block_620a675d4a031.visual h1, .visual h2, .visual h3, .visual h4, .visual h5, .visual h6, .visual p{\n        color: #ffffff;\n                margin: 5px 0;\n    }\n        .visual_tekst {\n        width: 100%;\n    }\n<\/style>\n\n<div id=\"single_column-block_620a68b0e26ca\" class=\"content container\">\n<div class=\"container \">\n    <div class=\"row \">\n                \n                            <div class=\"col-md-12\">\n                                            <div class=\"c-tekst-wrapper kolom-1 \">\n                            <p>&nbsp;<\/p>\n<p>Kommen Sie und wohnen Sie in unserer sch\u00f6nen und ruhigen Wohnung in Na&#8217;ale. Schauen Sie sich unseren Film an, um zu sehen, wie es aussieht.<img loading=\"lazy\" decoding=\"async\" width=\"225\" height=\"300\" class=\"size-medium wp-image-2209 alignright\" src=\"https:\/\/studiehuisreshiet.nl\/wp-content\/uploads\/2022\/02\/huis-zijkant-225x300.jpg\" alt=\"\" srcset=\"https:\/\/studiehuisreshiet.nl\/wp-content\/uploads\/2022\/02\/huis-zijkant-225x300.jpg 225w, https:\/\/studiehuisreshiet.nl\/wp-content\/uploads\/2022\/02\/huis-zijkant-768x1024.jpg 768w, https:\/\/studiehuisreshiet.nl\/wp-content\/uploads\/2022\/02\/huis-zijkant-1152x1536.jpg 1152w, https:\/\/studiehuisreshiet.nl\/wp-content\/uploads\/2022\/02\/huis-zijkant-1536x2048.jpg 1536w, https:\/\/studiehuisreshiet.nl\/wp-content\/uploads\/2022\/02\/huis-zijkant-1350x1800.jpg 1350w, https:\/\/studiehuisreshiet.nl\/wp-content\/uploads\/2022\/02\/huis-zijkant-600x800.jpg 600w, https:\/\/studiehuisreshiet.nl\/wp-content\/uploads\/2022\/02\/huis-zijkant-scaled.jpg 1920w\" sizes=\"auto, (max-width: 225px) 100vw, 225px\" \/> Nachstehend finden Sie unsere Preise f\u00fcr einen Aufenthalt und eventuell einen Ausflug:<\/p>\n<p>Ein Aufenthalt von weniger als einer Woche in unserer Wohnung kostet f\u00fcr eine Person 105* Euro pro Nacht. F\u00fcr zwei Personen kostet es 115* Euro pro Nacht und f\u00fcr\u00a0 drei oder vier Personen 125* Euro pro Nacht, Sie benutzen dann die Schlafsofa im Wohnzimmer f\u00fcr zwei Personen. Dazu geh\u00f6rt ein einfaches Fr\u00fchst\u00fcck.<\/p>\n<p>Wenn Sie sieben Tage oder mehr in unserer Wohnung bleiben, betr\u00e4gt der Preis 90* Euro pro Nacht f\u00fcr eine Person; 100* Euro pro Nacht f\u00fcr zwei Personen oder 110* Euro pro Nacht f\u00fcr drei oder vier Personen.<\/p>\n<p>Wenn Sie mehr als vier Personen sind, k\u00f6nnen wir auch maximal zwei Doppelzimmer in unserem eigenen Haus vermieten ** Wir k\u00f6nnen also bis zu sechs Erwachsene und zwei Kinder unterbringen, wobei die Kinder das Schlafsofa in der Wohnung nutzen k\u00f6nnen.<\/p>\n<p>Die beiden zus\u00e4tzlichen Zimmer kosten jeweils 70* Euro pro Nacht f\u00fcr zwei Personen, wenn Sie weniger als eine Woche bei uns bleiben, und 50* Euro pro Nacht f\u00fcr zwei Personen, wenn Sie sieben Tage oder l\u00e4nger bei uns bleiben. Wenn eines dieser zus\u00e4tzlichen Zimmer von einer Person genutzt wird, zahlt diese Person 45* Euro pro Nacht f\u00fcr weniger als eine Woche und 35* Euro pro Nacht f\u00fcr mehr als sieben Tage.<\/p>\n<p>An einigen Tagen Ihres Aufenthalts k\u00f6nnen wir Ihnen ein dreig\u00e4ngiges Abendessen f\u00fcr 8,50 Euro pro Person anbieten. In unserem Dorf gibt es auch einen Supermarkt, in dem Sie Ihren t\u00e4glichen Bedarf decken k\u00f6nnen, und eine gute Pizzeria.<\/p>\n<p><img loading=\"lazy\" decoding=\"async\" width=\"300\" height=\"225\" class=\"size-medium wp-image-2179 alignleft\" src=\"https:\/\/studiehuisreshiet.nl\/wp-content\/uploads\/2022\/02\/20201203_153642-300x225.jpg\" alt=\"\" srcset=\"https:\/\/studiehuisreshiet.nl\/wp-content\/uploads\/2022\/02\/20201203_153642-300x225.jpg 300w, https:\/\/studiehuisreshiet.nl\/wp-content\/uploads\/2022\/02\/20201203_153642-1024x768.jpg 1024w, https:\/\/studiehuisreshiet.nl\/wp-content\/uploads\/2022\/02\/20201203_153642-768x576.jpg 768w, https:\/\/studiehuisreshiet.nl\/wp-content\/uploads\/2022\/02\/20201203_153642-1536x1152.jpg 1536w, https:\/\/studiehuisreshiet.nl\/wp-content\/uploads\/2022\/02\/20201203_153642-2048x1536.jpg 2048w, https:\/\/studiehuisreshiet.nl\/wp-content\/uploads\/2022\/02\/20201203_153642-1350x1013.jpg 1350w, https:\/\/studiehuisreshiet.nl\/wp-content\/uploads\/2022\/02\/20201203_153642-600x450.jpg 600w\" sizes=\"auto, (max-width: 300px) 100vw, 300px\" \/>Wenn Sie einen Tag mit uns verbringen m\u00f6chten, betragen die Kosten 100 Euro pro Halbtag und beinhalten Transport, Mittagessen und Erfrischungen mit Kaffee\/Tee, jedoch keine Eintrittsgelder f\u00fcr Museen oder Sehensw\u00fcrdigkeiten. Dies ist nicht an jedem Tag Ihres Aufenthalts m\u00f6glich, aber Sie konnen im Voraus zu vereinbaren, was mit uns m\u00f6glich ist.<\/p>\n<p>*Dies sind Richtpreise, die mit dem Wechselkurs des Schekels schwanken. Wir haben einen Wechselkurs von 3,65 angenommen.<\/p>\n<p>**Es ist nicht m\u00f6glich, ein Zimmer in unserem eigenen Haus getrennt von der Wohnung zu mieten, diese Zimmer werden nur zus\u00e4tzlich zur Miete der Wohnung vermietet, wenn Sie mit mehr als vier Personen kommen.<\/p>\n<p>*** \u00dcbersetzt mit www.DeepL.com\/Translator (kostenlose Version) ***<\/p>\n<p>&nbsp;<\/p>\n                        <\/div>\n                        <style>\n                                                        #single_column-block_620a68b0e26ca .c-tekst-wrapper.kolom-1{\n                                padding-top: 0px;\n                                padding-bottom: 0px;\n                                background-color: ;\n                                                                                            }\n                            #single_column-block_620a68b0e26ca .c-tekst-wrapper.kolom-1 p, #single_column-block_620a68b0e26ca .c-tekst-wrapper.kolom-1 h1, #single_column-block_620a68b0e26ca .c-tekst-wrapper.kolom-1 h2, #single_column-block_620a68b0e26ca .c-tekst-wrapper.kolom-1 h3, \n                            #single_column-block_620a68b0e26ca .c-tekst-wrapper.kolom-1 h4, #single_column-block_620a68b0e26ca .c-tekst-wrapper.kolom-1 h5, #single_column-block_620a68b0e26ca .c-tekst-wrapper.kolom-1 h6{\n                                color: ;\n                                                            }\n                        <\/style>\n                     \n                <\/div>\n                        \n        \n        <style>\n            #single_column-block_620a68b0e26ca{\n                                padding: 0;\n                margin-top: 60px;\n                margin-bottom: 60px;\n            }\n        <\/style>\n    <\/div>\n<\/div>\n<\/div>\n","protected":false},"excerpt":{"rendered":"","protected":false},"author":3,"featured_media":0,"parent":0,"menu_order":0,"comment_status":"closed","ping_status":"closed","template":"","meta":{"_acf_changed":false,"footnotes":""},"categories":[],"tags":[],"class_list":["post-4198","page","type-page","status-publish","hentry"],"acf":[],"yoast_head":"<!-- This site is optimized with the Yoast SEO plugin v26.8 - https:\/\/yoast.com\/product\/yoast-seo-wordpress\/ -->\n<title>Preise f\u00fcr Aufenthalt und Ausfl\u00fcge - Studiehuis Reshiet<\/title>\n<meta name=\"robots\" content=\"index, follow, max-snippet:-1, max-image-preview:large, max-video-preview:-1\" \/>\n<link rel=\"canonical\" href=\"https:\/\/studiehuisreshiet.nl\/de\/preise-fuer-aufenthalt-und-ausfluege\/\" \/>\n<meta property=\"og:locale\" content=\"de_DE\" \/>\n<meta property=\"og:type\" content=\"article\" \/>\n<meta property=\"og:title\" content=\"Preise f\u00fcr Aufenthalt und Ausfl\u00fcge - Studiehuis Reshiet\" \/>\n<meta property=\"og:url\" content=\"https:\/\/studiehuisreshiet.nl\/de\/preise-fuer-aufenthalt-und-ausfluege\/\" \/>\n<meta property=\"og:site_name\" content=\"Studiehuis Reshiet\" \/>\n<meta property=\"article:modified_time\" content=\"2022-08-31T09:00:18+00:00\" \/>\n<meta name=\"twitter:card\" content=\"summary_large_image\" \/>\n<script type=\"application\/ld+json\" class=\"yoast-schema-graph\">{\"@context\":\"https:\/\/schema.org\",\"@graph\":[{\"@type\":\"WebPage\",\"@id\":\"https:\/\/studiehuisreshiet.nl\/de\/preise-fuer-aufenthalt-und-ausfluege\/\",\"url\":\"https:\/\/studiehuisreshiet.nl\/de\/preise-fuer-aufenthalt-und-ausfluege\/\",\"name\":\"Preise f\u00fcr Aufenthalt und Ausfl\u00fcge - Studiehuis Reshiet\",\"isPartOf\":{\"@id\":\"https:\/\/studiehuisreshiet.nl\/de\/#website\"},\"datePublished\":\"2022-03-18T11:44:46+00:00\",\"dateModified\":\"2022-08-31T09:00:18+00:00\",\"breadcrumb\":{\"@id\":\"https:\/\/studiehuisreshiet.nl\/de\/preise-fuer-aufenthalt-und-ausfluege\/#breadcrumb\"},\"inLanguage\":\"de\",\"potentialAction\":[{\"@type\":\"ReadAction\",\"target\":[\"https:\/\/studiehuisreshiet.nl\/de\/preise-fuer-aufenthalt-und-ausfluege\/\"]}]},{\"@type\":\"BreadcrumbList\",\"@id\":\"https:\/\/studiehuisreshiet.nl\/de\/preise-fuer-aufenthalt-und-ausfluege\/#breadcrumb\",\"itemListElement\":[{\"@type\":\"ListItem\",\"position\":1,\"name\":\"Home\",\"item\":\"https:\/\/studiehuisreshiet.nl\/de\/voorbeeld-pagina\/\"},{\"@type\":\"ListItem\",\"position\":2,\"name\":\"Preise f\u00fcr Aufenthalt und Ausfl\u00fcge\"}]},{\"@type\":\"WebSite\",\"@id\":\"https:\/\/studiehuisreshiet.nl\/de\/#website\",\"url\":\"https:\/\/studiehuisreshiet.nl\/de\/\",\"name\":\"Studiehuis Reshiet\",\"description\":\"\",\"potentialAction\":[{\"@type\":\"SearchAction\",\"target\":{\"@type\":\"EntryPoint\",\"urlTemplate\":\"https:\/\/studiehuisreshiet.nl\/de\/?s={search_term_string}\"},\"query-input\":{\"@type\":\"PropertyValueSpecification\",\"valueRequired\":true,\"valueName\":\"search_term_string\"}}],\"inLanguage\":\"de\"}]}<\/script>\n<!-- \/ Yoast SEO plugin. -->","yoast_head_json":{"title":"Preise f\u00fcr Aufenthalt und Ausfl\u00fcge - Studiehuis Reshiet","robots":{"index":"index","follow":"follow","max-snippet":"max-snippet:-1","max-image-preview":"max-image-preview:large","max-video-preview":"max-video-preview:-1"},"canonical":"https:\/\/studiehuisreshiet.nl\/de\/preise-fuer-aufenthalt-und-ausfluege\/","og_locale":"de_DE","og_type":"article","og_title":"Preise f\u00fcr Aufenthalt und Ausfl\u00fcge - Studiehuis Reshiet","og_url":"https:\/\/studiehuisreshiet.nl\/de\/preise-fuer-aufenthalt-und-ausfluege\/","og_site_name":"Studiehuis Reshiet","article_modified_time":"2022-08-31T09:00:18+00:00","twitter_card":"summary_large_image","schema":{"@context":"https:\/\/schema.org","@graph":[{"@type":"WebPage","@id":"https:\/\/studiehuisreshiet.nl\/de\/preise-fuer-aufenthalt-und-ausfluege\/","url":"https:\/\/studiehuisreshiet.nl\/de\/preise-fuer-aufenthalt-und-ausfluege\/","name":"Preise f\u00fcr Aufenthalt und Ausfl\u00fcge - Studiehuis Reshiet","isPartOf":{"@id":"https:\/\/studiehuisreshiet.nl\/de\/#website"},"datePublished":"2022-03-18T11:44:46+00:00","dateModified":"2022-08-31T09:00:18+00:00","breadcrumb":{"@id":"https:\/\/studiehuisreshiet.nl\/de\/preise-fuer-aufenthalt-und-ausfluege\/#breadcrumb"},"inLanguage":"de","potentialAction":[{"@type":"ReadAction","target":["https:\/\/studiehuisreshiet.nl\/de\/preise-fuer-aufenthalt-und-ausfluege\/"]}]},{"@type":"BreadcrumbList","@id":"https:\/\/studiehuisreshiet.nl\/de\/preise-fuer-aufenthalt-und-ausfluege\/#breadcrumb","itemListElement":[{"@type":"ListItem","position":1,"name":"Home","item":"https:\/\/studiehuisreshiet.nl\/de\/voorbeeld-pagina\/"},{"@type":"ListItem","position":2,"name":"Preise f\u00fcr Aufenthalt und Ausfl\u00fcge"}]},{"@type":"WebSite","@id":"https:\/\/studiehuisreshiet.nl\/de\/#website","url":"https:\/\/studiehuisreshiet.nl\/de\/","name":"Studiehuis Reshiet","description":"","potentialAction":[{"@type":"SearchAction","target":{"@type":"EntryPoint","urlTemplate":"https:\/\/studiehuisreshiet.nl\/de\/?s={search_term_string}"},"query-input":{"@type":"PropertyValueSpecification","valueRequired":true,"valueName":"search_term_string"}}],"inLanguage":"de"}]}},"_links":{"self":[{"href":"https:\/\/studiehuisreshiet.nl\/de\/wp-json\/wp\/v2\/pages\/4198","targetHints":{"allow":["GET"]}}],"collection":[{"href":"https:\/\/studiehuisreshiet.nl\/de\/wp-json\/wp\/v2\/pages"}],"about":[{"href":"https:\/\/studiehuisreshiet.nl\/de\/wp-json\/wp\/v2\/types\/page"}],"author":[{"embeddable":true,"href":"https:\/\/studiehuisreshiet.nl\/de\/wp-json\/wp\/v2\/users\/3"}],"replies":[{"embeddable":true,"href":"https:\/\/studiehuisreshiet.nl\/de\/wp-json\/wp\/v2\/comments?post=4198"}],"version-history":[{"count":0,"href":"https:\/\/studiehuisreshiet.nl\/de\/wp-json\/wp\/v2\/pages\/4198\/revisions"}],"wp:attachment":[{"href":"https:\/\/studiehuisreshiet.nl\/de\/wp-json\/wp\/v2\/media?parent=4198"}],"wp:term":[{"taxonomy":"category","embeddable":true,"href":"https:\/\/studiehuisreshiet.nl\/de\/wp-json\/wp\/v2\/categories?post=4198"},{"taxonomy":"post_tag","embeddable":true,"href":"https:\/\/studiehuisreshiet.nl\/de\/wp-json\/wp\/v2\/tags?post=4198"}],"curies":[{"name":"wp","href":"https:\/\/api.w.org\/{rel}","templated":true}]}}