{"id":4236,"date":"2022-03-20T16:55:22","date_gmt":"2022-03-20T15:55:22","guid":{"rendered":"http:\/\/studiehuisreshiet.nl\/?page_id=4236"},"modified":"2022-04-10T12:38:08","modified_gmt":"2022-04-10T10:38:08","slug":"gaestewohnung","status":"publish","type":"page","link":"https:\/\/studiehuisreshiet.nl\/de\/gaestewohnung\/","title":{"rendered":"G\u00e4stewohnung"},"content":{"rendered":"\n<div id=\"visual-block_620b7b187b712\" class=\"content alignfull visual tekst-wrapper\">\n    <div class=\"container height\">\n        <div class=\"row height d-flex align-items-center justify-content-center tekst-container\">\n                        <div class=\"visual_tekst col-md-auto\">\n                    <h3>G\u00e4stewohnung<\/h3>\n                    <div class=\"tekst_achtergrond\"><\/div>\n                <\/div>\n                    <\/div>\n    <\/div>\n<\/div>\n<style>\n    #visual-block_620b7b187b712.visual{\n        z-index: 0;\n        position: relative;\n                    height: 300px; \n                background: url(https:\/\/studiehuisreshiet.nl\/wp-content\/uploads\/2022\/03\/Untitled-design-21.png) center center; background-size: cover; background-repeat: no-repeat;        margin: 0;\n    }\n        #visual-block_620b7b187b712.visual h1, .visual h2, .visual h3, .visual h4, .visual h5, .visual h6, .visual p{\n        color: #ffffff;\n                    text-align: left;\n                margin: 5px 0;\n    }\n        .visual_tekst {\n        width: 100%;\n    }\n<\/style>\n\n<div id=\"single_column-block_620b9ac714598\" class=\"content container\">\n<div class=\"container \">\n    <div class=\"row \">\n                \n                            <div class=\"col-md-12\">\n                                            <div class=\"c-tekst-wrapper kolom-1 \">\n                            <h3>Komm und bleib in unserer Wohnung<\/h3>\n<p><img loading=\"lazy\" decoding=\"async\" class=\" wp-image-2207 alignleft\" src=\"http:\/\/studiehuisreshiet.nl\/wp-content\/uploads\/2022\/02\/huis-zijkant-225x300.jpg\" alt=\"\" width=\"181\" height=\"241\" \/>Wir leben in Na&#8217;ale, einem Dorf im alten Kernland von Samaria, wo Abraham vor so langer Zeit umherwanderte. Die Spitze des H\u00fcgels, auf dem <img loading=\"lazy\" decoding=\"async\" class=\" wp-image-2177 alignright\" src=\"http:\/\/studiehuisreshiet.nl\/wp-content\/uploads\/2022\/02\/20201203_153642-300x225.jpg\" alt=\"\" width=\"259\" height=\"194\" srcset=\"https:\/\/studiehuisreshiet.nl\/wp-content\/uploads\/2022\/02\/20201203_153642-300x225.jpg 300w, https:\/\/studiehuisreshiet.nl\/wp-content\/uploads\/2022\/02\/20201203_153642-1024x768.jpg 1024w, https:\/\/studiehuisreshiet.nl\/wp-content\/uploads\/2022\/02\/20201203_153642-768x576.jpg 768w, https:\/\/studiehuisreshiet.nl\/wp-content\/uploads\/2022\/02\/20201203_153642-1536x1152.jpg 1536w, https:\/\/studiehuisreshiet.nl\/wp-content\/uploads\/2022\/02\/20201203_153642-2048x1536.jpg 2048w, https:\/\/studiehuisreshiet.nl\/wp-content\/uploads\/2022\/02\/20201203_153642-1350x1013.jpg 1350w, https:\/\/studiehuisreshiet.nl\/wp-content\/uploads\/2022\/02\/20201203_153642-600x450.jpg 600w\" sizes=\"auto, (max-width: 259px) 100vw, 259px\" \/>wir wohnen, liegt 405 Meter \u00fcber dem Meeresspiegel. An klaren Tagen kann man von unserem Garten aus das Meer sehen. Unser Dorf liegt genau zwischen Tel Aviv und Jerusalem und ist daher ein idealer Ausgangspunkt f\u00fcr den Besuch beider St\u00e4dte. Ideal also, um nach einem Tag voller neuer Eindr\u00fccke zu entspannen.<\/p>\n<p>Wir haben unsere \u00a0im Hinterhof und &#8211; wenn Sie mehr als drei oder vier Personen sind &#8211; zwei weitere Doppelzimmer in unserem eigenen Haus zur Verf\u00fcgung. Insgesamt k\u00f6nnen wir sechs erwachsene G\u00e4ste und zwei Kinder beherbergen, wobei die Kinder das Schlafsofa in der Wohnung nutzen k\u00f6nnen. Wir haben auch Einzelbetten in jedem Schlafzimmer. Jeden Morgen bekommen Sie ein einfaches Fr\u00fchst\u00fcck (mit Eiern von unseren eigenen H\u00fchnern) und es gibt\u00a0 einen Supermarkt in unserem Dorf f\u00fcr den t\u00e4glichen Bedarf.<\/p>\n<p>\u00dcbersetzt mit www.DeepL.com\/Translator (kostenlose Version)<\/p>\n<h2><\/h2>\n<p>&nbsp;<\/p>\n<p>&nbsp;<\/p>\n<p>&nbsp;<\/p>\n                        <\/div>\n                        <style>\n                                                        #single_column-block_620b9ac714598 .c-tekst-wrapper.kolom-1{\n                                padding-top: 0px;\n                                padding-bottom: 0px;\n                                background-color: ;\n                                                                                            }\n                            #single_column-block_620b9ac714598 .c-tekst-wrapper.kolom-1 p, #single_column-block_620b9ac714598 .c-tekst-wrapper.kolom-1 h1, #single_column-block_620b9ac714598 .c-tekst-wrapper.kolom-1 h2, #single_column-block_620b9ac714598 .c-tekst-wrapper.kolom-1 h3, \n                            #single_column-block_620b9ac714598 .c-tekst-wrapper.kolom-1 h4, #single_column-block_620b9ac714598 .c-tekst-wrapper.kolom-1 h5, #single_column-block_620b9ac714598 .c-tekst-wrapper.kolom-1 h6{\n                                color: ;\n                                                            }\n                        <\/style>\n                     \n                <\/div>\n                        \n        \n        <style>\n            #single_column-block_620b9ac714598{\n                                padding: 0;\n                margin-top: 60px;\n                margin-bottom: 60px;\n            }\n        <\/style>\n    <\/div>\n<\/div>\n<\/div>\n\n\n<div id=\"single_column-block_620b9aea1459a\" class=\"content container\">\n<div class=\"container \">\n    <div class=\"row \">\n                \n                    \n        \n        <style>\n            #single_column-block_620b9aea1459a{\n                                padding: 0;\n                margin-top: 60px;\n                margin-bottom: 60px;\n            }\n        <\/style>\n    <\/div>\n<\/div>\n<\/div>\n","protected":false},"excerpt":{"rendered":"","protected":false},"author":3,"featured_media":0,"parent":0,"menu_order":0,"comment_status":"closed","ping_status":"closed","template":"","meta":{"_acf_changed":false,"footnotes":""},"categories":[],"tags":[],"class_list":["post-4236","page","type-page","status-publish","hentry"],"acf":[],"yoast_head":"<!-- This site is optimized with the Yoast SEO plugin v26.8 - https:\/\/yoast.com\/product\/yoast-seo-wordpress\/ -->\n<title>G\u00e4stewohnung - Studiehuis Reshiet<\/title>\n<meta name=\"robots\" content=\"index, follow, max-snippet:-1, max-image-preview:large, max-video-preview:-1\" \/>\n<link rel=\"canonical\" href=\"https:\/\/studiehuisreshiet.nl\/de\/gaestewohnung\/\" \/>\n<meta property=\"og:locale\" content=\"de_DE\" \/>\n<meta property=\"og:type\" content=\"article\" \/>\n<meta property=\"og:title\" content=\"G\u00e4stewohnung - Studiehuis Reshiet\" \/>\n<meta property=\"og:url\" content=\"https:\/\/studiehuisreshiet.nl\/de\/gaestewohnung\/\" \/>\n<meta property=\"og:site_name\" content=\"Studiehuis Reshiet\" \/>\n<meta property=\"article:modified_time\" content=\"2022-04-10T10:38:08+00:00\" \/>\n<meta name=\"twitter:card\" content=\"summary_large_image\" \/>\n<script type=\"application\/ld+json\" class=\"yoast-schema-graph\">{\"@context\":\"https:\/\/schema.org\",\"@graph\":[{\"@type\":\"WebPage\",\"@id\":\"https:\/\/studiehuisreshiet.nl\/de\/gaestewohnung\/\",\"url\":\"https:\/\/studiehuisreshiet.nl\/de\/gaestewohnung\/\",\"name\":\"G\u00e4stewohnung - Studiehuis Reshiet\",\"isPartOf\":{\"@id\":\"https:\/\/studiehuisreshiet.nl\/de\/#website\"},\"datePublished\":\"2022-03-20T15:55:22+00:00\",\"dateModified\":\"2022-04-10T10:38:08+00:00\",\"breadcrumb\":{\"@id\":\"https:\/\/studiehuisreshiet.nl\/de\/gaestewohnung\/#breadcrumb\"},\"inLanguage\":\"de\",\"potentialAction\":[{\"@type\":\"ReadAction\",\"target\":[\"https:\/\/studiehuisreshiet.nl\/de\/gaestewohnung\/\"]}]},{\"@type\":\"BreadcrumbList\",\"@id\":\"https:\/\/studiehuisreshiet.nl\/de\/gaestewohnung\/#breadcrumb\",\"itemListElement\":[{\"@type\":\"ListItem\",\"position\":1,\"name\":\"Home\",\"item\":\"https:\/\/studiehuisreshiet.nl\/de\/voorbeeld-pagina\/\"},{\"@type\":\"ListItem\",\"position\":2,\"name\":\"G\u00e4stewohnung\"}]},{\"@type\":\"WebSite\",\"@id\":\"https:\/\/studiehuisreshiet.nl\/de\/#website\",\"url\":\"https:\/\/studiehuisreshiet.nl\/de\/\",\"name\":\"Studiehuis Reshiet\",\"description\":\"\",\"potentialAction\":[{\"@type\":\"SearchAction\",\"target\":{\"@type\":\"EntryPoint\",\"urlTemplate\":\"https:\/\/studiehuisreshiet.nl\/de\/?s={search_term_string}\"},\"query-input\":{\"@type\":\"PropertyValueSpecification\",\"valueRequired\":true,\"valueName\":\"search_term_string\"}}],\"inLanguage\":\"de\"}]}<\/script>\n<!-- \/ Yoast SEO plugin. -->","yoast_head_json":{"title":"G\u00e4stewohnung - Studiehuis Reshiet","robots":{"index":"index","follow":"follow","max-snippet":"max-snippet:-1","max-image-preview":"max-image-preview:large","max-video-preview":"max-video-preview:-1"},"canonical":"https:\/\/studiehuisreshiet.nl\/de\/gaestewohnung\/","og_locale":"de_DE","og_type":"article","og_title":"G\u00e4stewohnung - Studiehuis Reshiet","og_url":"https:\/\/studiehuisreshiet.nl\/de\/gaestewohnung\/","og_site_name":"Studiehuis Reshiet","article_modified_time":"2022-04-10T10:38:08+00:00","twitter_card":"summary_large_image","schema":{"@context":"https:\/\/schema.org","@graph":[{"@type":"WebPage","@id":"https:\/\/studiehuisreshiet.nl\/de\/gaestewohnung\/","url":"https:\/\/studiehuisreshiet.nl\/de\/gaestewohnung\/","name":"G\u00e4stewohnung - Studiehuis Reshiet","isPartOf":{"@id":"https:\/\/studiehuisreshiet.nl\/de\/#website"},"datePublished":"2022-03-20T15:55:22+00:00","dateModified":"2022-04-10T10:38:08+00:00","breadcrumb":{"@id":"https:\/\/studiehuisreshiet.nl\/de\/gaestewohnung\/#breadcrumb"},"inLanguage":"de","potentialAction":[{"@type":"ReadAction","target":["https:\/\/studiehuisreshiet.nl\/de\/gaestewohnung\/"]}]},{"@type":"BreadcrumbList","@id":"https:\/\/studiehuisreshiet.nl\/de\/gaestewohnung\/#breadcrumb","itemListElement":[{"@type":"ListItem","position":1,"name":"Home","item":"https:\/\/studiehuisreshiet.nl\/de\/voorbeeld-pagina\/"},{"@type":"ListItem","position":2,"name":"G\u00e4stewohnung"}]},{"@type":"WebSite","@id":"https:\/\/studiehuisreshiet.nl\/de\/#website","url":"https:\/\/studiehuisreshiet.nl\/de\/","name":"Studiehuis Reshiet","description":"","potentialAction":[{"@type":"SearchAction","target":{"@type":"EntryPoint","urlTemplate":"https:\/\/studiehuisreshiet.nl\/de\/?s={search_term_string}"},"query-input":{"@type":"PropertyValueSpecification","valueRequired":true,"valueName":"search_term_string"}}],"inLanguage":"de"}]}},"_links":{"self":[{"href":"https:\/\/studiehuisreshiet.nl\/de\/wp-json\/wp\/v2\/pages\/4236","targetHints":{"allow":["GET"]}}],"collection":[{"href":"https:\/\/studiehuisreshiet.nl\/de\/wp-json\/wp\/v2\/pages"}],"about":[{"href":"https:\/\/studiehuisreshiet.nl\/de\/wp-json\/wp\/v2\/types\/page"}],"author":[{"embeddable":true,"href":"https:\/\/studiehuisreshiet.nl\/de\/wp-json\/wp\/v2\/users\/3"}],"replies":[{"embeddable":true,"href":"https:\/\/studiehuisreshiet.nl\/de\/wp-json\/wp\/v2\/comments?post=4236"}],"version-history":[{"count":0,"href":"https:\/\/studiehuisreshiet.nl\/de\/wp-json\/wp\/v2\/pages\/4236\/revisions"}],"wp:attachment":[{"href":"https:\/\/studiehuisreshiet.nl\/de\/wp-json\/wp\/v2\/media?parent=4236"}],"wp:term":[{"taxonomy":"category","embeddable":true,"href":"https:\/\/studiehuisreshiet.nl\/de\/wp-json\/wp\/v2\/categories?post=4236"},{"taxonomy":"post_tag","embeddable":true,"href":"https:\/\/studiehuisreshiet.nl\/de\/wp-json\/wp\/v2\/tags?post=4236"}],"curies":[{"name":"wp","href":"https:\/\/api.w.org\/{rel}","templated":true}]}}