{"id":4275,"date":"2022-03-22T20:41:33","date_gmt":"2022-03-22T19:41:33","guid":{"rendered":"https:\/\/studiehuisreshiet.nl\/?page_id=4275"},"modified":"2022-03-22T20:41:49","modified_gmt":"2022-03-22T19:41:49","slug":"was-gibt-es-in-unserer-nachbarschaft-zu-tun","status":"publish","type":"page","link":"https:\/\/studiehuisreshiet.nl\/de\/was-gibt-es-in-unserer-nachbarschaft-zu-tun\/","title":{"rendered":"Was gibt es in unserer Nachbarschaft zu tun?"},"content":{"rendered":"\n<div id=\"visual-block_621b6a937d24c\" class=\"content alignfull visual tekst-wrapper\">\n    <div class=\"container height\">\n        <div class=\"row height d-flex align-items-center justify-content- tekst-container\">\n                            <div class=\"col-sm-12\">\n                    <h1>Studiehuis Reshiet<\/h1>\n                <\/div>\n                    <\/div>\n    <\/div>\n<\/div>\n<style>\n    #visual-block_621b6a937d24c.visual{\n        z-index: 0;\n        position: relative;\n                    height: 300px; \n                background: url(https:\/\/studiehuisreshiet.nl\/wp-content\/uploads\/2022\/02\/20201104_153747-1350x1013.jpg) center center; background-size: cover; background-repeat: no-repeat;        margin: 0;\n    }\n        #visual-block_621b6a937d24c.visual h1, .visual h2, .visual h3, .visual h4, .visual h5, .visual h6, .visual p{\n        color: #ffffff;\n                margin: 5px 0;\n    }\n        .visual_tekst {\n        width: 100%;\n    }\n<\/style>\n\n<div id=\"single_column-block_621b6cf587067\" class=\"content container\">\n<div class=\"container \">\n    <div class=\"row \">\n                \n                            <div class=\"col-md-12\">\n                                            <div class=\"c-tekst-wrapper kolom-1 \">\n                            <p>&nbsp;<\/p>\n<p>Unser Dorf Na&#8217;ale liegt g\u00fcnstig zwischen Jerusalem und Tel Aviv, die beide in etwa 45 Minuten mit dem Auto zu erreichen sind. Beide St\u00e4dte eignen sich hervorragend f\u00fcr Tagesausfl\u00fcge, sowohl f\u00fcr einen Besuch der alten (und neuen!) Stadt Jerusalem als auch, in umgekehrter Richtung, f\u00fcr einen Besuch des historischen Jaffo (in der Bibel Joppe genannt). Lassen Sie sich die Terrassen in Tel Avivs gem\u00fctlichem Florentiner Viertel mit seinen lebhaften M\u00e4rkten nicht entgehen. F\u00fcr den t\u00e4glichen Bedarf gibt es den gro\u00dfen Carmel-Markt; auf dem Lewinsky-Markt gibt es alle m\u00f6glichen Spezialit\u00e4tenrestaurants, und die Pizzeria Lila liefert die beste Pizza von ganz Tel Aviv. Der Shuk Nachalath Benjamin ist der Markt, auf dem k\u00fcnstlerische Dinge verkauft werden und der von Gem\u00fctlichkeit gepr\u00e4gt ist.<\/p>\n<p>Der Strand von Rishon leTsion\/Palmachim ist vierzig Minuten entfernt: ein sch\u00f6ner Strand im D\u00fcnengebiet s\u00fcdlich von Tel Aviv. Ein Spaziergang entlang des Soreq-Flusses, der durch dieses D\u00fcnengebiet bis zu seiner M\u00fcndung ins Meer flie\u00dft, ist ein entspannendes Erlebnis. Der Safaripark in Tel Aviv ist einen Besuch wert, dort gibt es auch einen Zoo. Sie k\u00f6nnen einen Golfwagen mieten und durch die Gegend fahren. Die Safari selbst findet sicher in Ihrem eigenen Auto statt(!)<\/p>\n<p>F\u00fcnfzehn Minuten entfernt, im heutigen Ben-Shemen-Wald, befinden sich die \u00dcberreste der antiken Stadt Modi&#8217;in. Das Grab des Hohepriesters Mattitjahu Makkabi ist dort noch zu sehen. Zusammen mit seinen f\u00fcnf S\u00f6hnen gelang es ihm, die griechisch-syrische Herrschaft zu brechen und den Herrscher zu verjagen. Dank seines mutigen Einsatzes wurde der Tempel in Jerusalem 164 v. Chr. zur\u00fcckerobert und wiederhergestellt. Wir gedenken dieses Ereignisses jedes Jahr im Dezember, indem wir das wundersch\u00f6ne Chanukka-Fest mit dem achtarmigen Leuchter, der Chanukiah, feiern. Wir erkl\u00e4ren Ihnen gerne mehr dar\u00fcber w\u00e4hrend Ihres Aufenthalts.<\/p>\n<p>Wenn Sie von diesem Punkt aus weiterfahren, finden Sie nach f\u00fcnf Minuten auf derselben Stra\u00dfe den \u00e4ltesten biblischen Park in Israel: Ne&#8217;oth Kedumim. W\u00e4hrend der biblischen Feiertage Pessach und Sukkoth gibt es F\u00fchrer, die Ihnen alles \u00fcber die alte F\u00e4rberei von Stoffen, das Pressen von Oliven, die Urbarmachung von Land und vieles mehr erz\u00e4hlen. Sie k\u00f6nnen Ihre eigenen Lehmziegel herstellen, und es gibt ein gro\u00dfes antikes Wasserrad, mit dem das Wasser vom unteren in den oberen Bereich gebracht wurde. Sie k\u00f6nnen es selbst ausprobieren. Ein kleiner Zug wird Sie durch die Gegend fahren und Ihnen alles zeigen. Man kann sch\u00f6ne Spazierg\u00e4nge machen und die Aussicht ist ph\u00e4nomenal. Auch au\u00dferhalb der Festivalwochen ist es eine Oase der Ruhe und Sch\u00f6nheit.<\/p>\n<p>Die Stadt Rechovoth ist etwa vierzig Minuten entfernt, in Richtung Tel Aviv. Dort gibt es ein Munitionsmuseum, das einen Besuch wert ist. Er erz\u00e4hlt von der geheimen Herstellung von Munition in den 1940er Jahren, unmittelbar nach dem Zweiten Weltkrieg. Diese Fabrik war drei Jahre lang in Betrieb. In einem Milchwagen mit Geheimfach versteckten sie die Kugeln, die sie an der Front brauchten, um sich gegen die Feinde zu verteidigen, denen die R\u00fcckkehr der Juden aus der Diaspora nicht gefiel und die ihre D\u00f6rfer st\u00e4ndig angriffen.<\/p>\n<p>Ein Besuch der weltber\u00fchmten Tropfsteinh\u00f6hlen<\/p>\n<p>in Beth Shemesh, das etwa 35 Minuten entfernt liegt und durch eine wundersch\u00f6ne Natur f\u00fchrt, ist ein gro\u00dfartiges Erlebnis. Die Temperatur in der H\u00f6hle betr\u00e4gt konstant 22 Grad, und sie wirkt wie eine M\u00e4rchenwelt, die mit bunten Lampen wundersch\u00f6n beleuchtet ist. Zuvor wird ein kurzer Film \u00fcber die zuf\u00e4llige Entdeckung der H\u00f6hle durch Bauarbeiter gezeigt, die in der Gegend mit Dynamit arbeiteten. Dies geschah in den sp\u00e4ten 1960er Jahren.<\/p>\n<p>Die Glockenh\u00f6hlen von Beth Guvrin liegen weiter s\u00fcdlich von Beth Shemesh und geh\u00f6ren zum Weltkulturerbe. Die ganze Gegend mit ihren vielen Sehensw\u00fcrdigkeiten und historischen St\u00e4tten ist wundersch\u00f6n. Unter der Erde wurde unter anderem eine riesige Taubenh\u00f6hle mit Nischen entdeckt, in denen Tauben zu Hunderten nisteten. Sie wurden wegen ihres Fleisches und ihrer Eier gez\u00fcchtet. Dort leben immer noch wilde Tauben. Die riesigen Glockenh\u00f6hlen k\u00f6nnen bewundert werden. Die Akustik ist sehr speziell. Einst wurden diese H\u00f6hlen von Menschen angelegt, die Steine gruben, um ihre H\u00e4user zu bauen. Sie begannen zu graben und gruben nicht nur tiefer, sondern auch breiter, so dass die Form einer riesigen Glocke entstand. Die H\u00f6hlen sind unbeschreiblich sch\u00f6n! Gegen\u00fcber von Beth Guvrin befindet sich eine Ausgrabungsst\u00e4tte f\u00fcr ein r\u00f6misches Theater. Etwa eine Autostunde von Na&#8217;ale entfernt, ist allein schon die Fahrt dorthin wundersch\u00f6n.<\/p>\n<p>An der Hauptstra\u00dfe 1 zwischen Tel Aviv und Jerusalem, kurz bevor man in die Berge von Jud\u00e4a f\u00e4hrt, liegt das angeblich historische Emmaus. Lukas beschreibt in Kapitel 24 ab Vers 13, dass Jehoschua\/Jesus mit zwei M\u00e4nnern nach Emmaus ging, sich zum Mahl zu ihnen setzte und sich ihnen beim Brechen des Brotes offenbarte (Vers 31). Es lohnt sich auf jeden Fall, die Ausgrabungen der Stadt zu besuchen und dar\u00fcber nachzudenken, wie sie fr\u00fcher ausgesehen haben muss&#8230;.<\/p>\n<p>In der N\u00e4he von Emmaus liegt Latrun, ein Kloster und ein strategischer Punkt w\u00e4hrend des Unabh\u00e4ngigkeitskrieges und danach. Dieses sch\u00f6ne Geb\u00e4ude eines franz\u00f6sischen Trappistenordens, das \u00fcbrigens im italienischen Stil gebaut ist, ist einen Besuch wert. Es gibt einen sch\u00f6nen Klosterladen, in dem Sie selbstgemachten Wein, Oliven\u00f6l und Essig kaufen k\u00f6nnen.<\/p>\n<p>Mini Israel liegt fast gegen\u00fcber von Emmaus und Latrun. Das israelische Madurodam ist sehr sehenswert.<\/p>\n<p>Jad haShmonah, der von acht messianischen Juden aus Finnland gegr\u00fcndete Kibbuz, ist einen Besuch wert. Der Baustil ist teilweise finnisch: Die Besucherhalle ist aus Baumst\u00e4mmen gebaut. Es befindet sich in der wundersch\u00f6nen Natur Jud\u00e4as. Allein der sch\u00f6ne Weg dorthin macht ihn zu einem tollen Ausflugsziel, und im Garten gibt es eine antike Olivenpresse und eine ebenso alte Weinpresse. Jad haShmonah liegt am Highway 1 in der N\u00e4he des arabisch-j\u00fcdischen Dorfes Abu Gosh und Kirjat Jearim, in dem einst die Bundeslade f\u00fcr lange Zeit aufbewahrt wurde. Sie ist etwa 35 Minuten entfernt und kann mit einem Besuch in Emmaus und Mini Israel kombiniert werden.<\/p>\n<p>Wenn Sie eine sch\u00f6ne Aussicht genie\u00dfen wollen, w\u00e4hrend Sie auf einer Schaukelliege schaukeln, dann ist Pedu&#8217;el eine gute Idee. Pedu&#8217;el wird in den Korridoren &#8222;Balkon Israels&#8220; genannt. Von hier aus hat man einen Blick \u00fcber die Ebene bis nach Tel Aviv und das Mittelmeer. Bei sehr klarem Wetter kann man mit einem Fernglas sogar Zypern sehen. Dort befindet sich auch die Ausgrabung eines byzantinischen Klosters, das noch recht gut erhalten ist. Sie m\u00fcssen einen guten Kopf haben, um dort zu wandern, denn das Gel\u00e4nde ist ziemlich zerkl\u00fcftet.<\/p>\n<p>Neve Tsuf ist ein Dorf, in dem historische Weinkreise bewundert werden k\u00f6nnen. Diese Weinkreise wurden in den Fels gehauen, und die Trauben wurden in sie hineingelegt und zum G\u00e4ren gelassen. Der so gewonnene Most wurde f\u00fcr den Tempeldienst verwendet. Sie k\u00f6nnen auch sch\u00f6ne Spazierg\u00e4nge in der Natur machen; es wurden spezielle Wege angelegt. Das Gel\u00e4nde ist ziemlich steil.<\/p>\n<p>Sde Zvi liegt im S\u00fcden, etwas mehr als eine Stunde entfernt, und ist sehr sch\u00f6n zu besuchen, ein gr\u00fcnes Paradies in der Negev-W\u00fcste. Unsere Schwester und unser Schwager Tamar und Uzi Manor k\u00f6nnen Ihnen von ihrem Leben dort erz\u00e4hlen, und nach Absprache kann Uzi Sie zu den Soldaten an der Grenze zum nahen Gazastreifen bringen. Das Gespr\u00e4ch mit den Soldaten, die die Grenze bewachen, ist f\u00fcr beide Seiten ermutigend, und oft flie\u00dfen Tr\u00e4nen wegen der freundlichen Gastfreundschaft, die man von den Grenzsoldaten erf\u00e4hrt. Nach dem Besuch bei den Soldaten k\u00f6nnen Sie Uzi zur Polizeistation in Sderoth begleiten, wo die \u00dcberreste der aus dem Gazastreifen auf Israel abgefeuerten Raketen gelagert werden. Uzi erz\u00e4hlt, wie es ist, in der N\u00e4he der Grenze zum Gazastreifen zu leben.<\/p>\n<p>Die sch\u00f6ne K\u00fcstenstadt Netanja verf\u00fcgt \u00fcber kilometerlange Str\u00e4nde und Boulevards, die erh\u00f6ht liegen und einen sch\u00f6nen Blick auf das Wasser bieten, alles sehr sch\u00f6n angelegt. Das Stadtzentrum reicht teilweise bis zum Boulevard, was der Stadt eine gem\u00fctliche Atmosph\u00e4re verleiht. Eine Stunde entfernt und gut zu kombinieren, wenn Sie auf dem Weg nach Caesarea sind. Stehen Sie trotzdem fr\u00fch auf!<\/p>\n<p>Die historische K\u00fcstenstadt Caesarea ist etwa eineinhalb Stunden entfernt und ist sehr sehenswert. Von dieser sch\u00f6nen Stadt aus reiste Paulus nach Tarsis (Apostelgeschichte 9,30). Zun\u00e4chst wurde er im Palast von K\u00f6nig Agrippa verurteilt, dessen Grundmauern noch vorhanden sind. Das r\u00f6mische Aqu\u00e4dukt ist sehenswert und&#8230; kletterbar!<\/p>\n<p>Wenn Sie unser Schwimmbad in unserem Dorf genie\u00dfen m\u00f6chten, k\u00f6nnen Sie dies von April bis Oktober tun. Ein kleines Restaurant versorgt Sie mit Snacks und Getr\u00e4nken. Au\u00dferdem ist es sch\u00f6n, einen Spaziergang durch und um unser Dorf zu machen, von wo aus man einen sch\u00f6nen Blick auf die umliegenden H\u00fcgel und in der Ferne auf Tel Aviv und das Meer hat. Wir haben ein paar sch\u00f6ne Tennispl\u00e4tze und eine Trimm-Dich-Bahn. Alles in allem ein herzliches Willkommen!<\/p>\n<p>*** \u00dcbersetzt mit www.DeepL.com\/Translator (kostenlose Version) ***<\/p>\n<p>&nbsp;<\/p>\n                        <\/div>\n                        <style>\n                                                        #single_column-block_621b6cf587067 .c-tekst-wrapper.kolom-1{\n                                padding-top: 0px;\n                                padding-bottom: 0px;\n                                background-color: ;\n                                                                                            }\n                            #single_column-block_621b6cf587067 .c-tekst-wrapper.kolom-1 p, #single_column-block_621b6cf587067 .c-tekst-wrapper.kolom-1 h1, #single_column-block_621b6cf587067 .c-tekst-wrapper.kolom-1 h2, #single_column-block_621b6cf587067 .c-tekst-wrapper.kolom-1 h3, \n                            #single_column-block_621b6cf587067 .c-tekst-wrapper.kolom-1 h4, #single_column-block_621b6cf587067 .c-tekst-wrapper.kolom-1 h5, #single_column-block_621b6cf587067 .c-tekst-wrapper.kolom-1 h6{\n                                color: ;\n                                                            }\n                        <\/style>\n                     \n                <\/div>\n                        \n        \n        <style>\n            #single_column-block_621b6cf587067{\n                                padding: 0;\n                margin-top: 60px;\n                margin-bottom: 60px;\n            }\n        <\/style>\n    <\/div>\n<\/div>\n<\/div>\n","protected":false},"excerpt":{"rendered":"","protected":false},"author":3,"featured_media":0,"parent":0,"menu_order":0,"comment_status":"closed","ping_status":"closed","template":"","meta":{"_acf_changed":false,"footnotes":""},"categories":[],"tags":[],"class_list":["post-4275","page","type-page","status-publish","hentry"],"acf":[],"yoast_head":"<!-- This site is optimized with the Yoast SEO plugin v27.3 - https:\/\/yoast.com\/product\/yoast-seo-wordpress\/ -->\n<title>Was gibt es in unserer Nachbarschaft zu tun? - Studiehuis Reshiet<\/title>\n<meta name=\"robots\" content=\"index, follow, max-snippet:-1, max-image-preview:large, max-video-preview:-1\" \/>\n<link rel=\"canonical\" href=\"https:\/\/studiehuisreshiet.nl\/de\/was-gibt-es-in-unserer-nachbarschaft-zu-tun\/\" \/>\n<meta property=\"og:locale\" content=\"de_DE\" \/>\n<meta property=\"og:type\" content=\"article\" \/>\n<meta property=\"og:title\" content=\"Was gibt es in unserer Nachbarschaft zu tun? - Studiehuis Reshiet\" \/>\n<meta property=\"og:url\" content=\"https:\/\/studiehuisreshiet.nl\/de\/was-gibt-es-in-unserer-nachbarschaft-zu-tun\/\" \/>\n<meta property=\"og:site_name\" content=\"Studiehuis Reshiet\" \/>\n<meta property=\"article:modified_time\" content=\"2022-03-22T19:41:49+00:00\" \/>\n<meta name=\"twitter:card\" content=\"summary_large_image\" \/>\n<script type=\"application\/ld+json\" class=\"yoast-schema-graph\">{\"@context\":\"https:\\\/\\\/schema.org\",\"@graph\":[{\"@type\":\"WebPage\",\"@id\":\"https:\\\/\\\/studiehuisreshiet.nl\\\/de\\\/was-gibt-es-in-unserer-nachbarschaft-zu-tun\\\/\",\"url\":\"https:\\\/\\\/studiehuisreshiet.nl\\\/de\\\/was-gibt-es-in-unserer-nachbarschaft-zu-tun\\\/\",\"name\":\"Was gibt es in unserer Nachbarschaft zu tun? - Studiehuis Reshiet\",\"isPartOf\":{\"@id\":\"https:\\\/\\\/studiehuisreshiet.nl\\\/de\\\/#website\"},\"datePublished\":\"2022-03-22T19:41:33+00:00\",\"dateModified\":\"2022-03-22T19:41:49+00:00\",\"breadcrumb\":{\"@id\":\"https:\\\/\\\/studiehuisreshiet.nl\\\/de\\\/was-gibt-es-in-unserer-nachbarschaft-zu-tun\\\/#breadcrumb\"},\"inLanguage\":\"de\",\"potentialAction\":[{\"@type\":\"ReadAction\",\"target\":[\"https:\\\/\\\/studiehuisreshiet.nl\\\/de\\\/was-gibt-es-in-unserer-nachbarschaft-zu-tun\\\/\"]}]},{\"@type\":\"BreadcrumbList\",\"@id\":\"https:\\\/\\\/studiehuisreshiet.nl\\\/de\\\/was-gibt-es-in-unserer-nachbarschaft-zu-tun\\\/#breadcrumb\",\"itemListElement\":[{\"@type\":\"ListItem\",\"position\":1,\"name\":\"Home\",\"item\":\"https:\\\/\\\/studiehuisreshiet.nl\\\/de\\\/voorbeeld-pagina\\\/\"},{\"@type\":\"ListItem\",\"position\":2,\"name\":\"Was gibt es in unserer Nachbarschaft zu tun?\"}]},{\"@type\":\"WebSite\",\"@id\":\"https:\\\/\\\/studiehuisreshiet.nl\\\/de\\\/#website\",\"url\":\"https:\\\/\\\/studiehuisreshiet.nl\\\/de\\\/\",\"name\":\"Studiehuis Reshiet\",\"description\":\"\",\"potentialAction\":[{\"@type\":\"SearchAction\",\"target\":{\"@type\":\"EntryPoint\",\"urlTemplate\":\"https:\\\/\\\/studiehuisreshiet.nl\\\/de\\\/?s={search_term_string}\"},\"query-input\":{\"@type\":\"PropertyValueSpecification\",\"valueRequired\":true,\"valueName\":\"search_term_string\"}}],\"inLanguage\":\"de\"}]}<\/script>\n<!-- \/ Yoast SEO plugin. -->","yoast_head_json":{"title":"Was gibt es in unserer Nachbarschaft zu tun? - Studiehuis Reshiet","robots":{"index":"index","follow":"follow","max-snippet":"max-snippet:-1","max-image-preview":"max-image-preview:large","max-video-preview":"max-video-preview:-1"},"canonical":"https:\/\/studiehuisreshiet.nl\/de\/was-gibt-es-in-unserer-nachbarschaft-zu-tun\/","og_locale":"de_DE","og_type":"article","og_title":"Was gibt es in unserer Nachbarschaft zu tun? - Studiehuis Reshiet","og_url":"https:\/\/studiehuisreshiet.nl\/de\/was-gibt-es-in-unserer-nachbarschaft-zu-tun\/","og_site_name":"Studiehuis Reshiet","article_modified_time":"2022-03-22T19:41:49+00:00","twitter_card":"summary_large_image","schema":{"@context":"https:\/\/schema.org","@graph":[{"@type":"WebPage","@id":"https:\/\/studiehuisreshiet.nl\/de\/was-gibt-es-in-unserer-nachbarschaft-zu-tun\/","url":"https:\/\/studiehuisreshiet.nl\/de\/was-gibt-es-in-unserer-nachbarschaft-zu-tun\/","name":"Was gibt es in unserer Nachbarschaft zu tun? - Studiehuis Reshiet","isPartOf":{"@id":"https:\/\/studiehuisreshiet.nl\/de\/#website"},"datePublished":"2022-03-22T19:41:33+00:00","dateModified":"2022-03-22T19:41:49+00:00","breadcrumb":{"@id":"https:\/\/studiehuisreshiet.nl\/de\/was-gibt-es-in-unserer-nachbarschaft-zu-tun\/#breadcrumb"},"inLanguage":"de","potentialAction":[{"@type":"ReadAction","target":["https:\/\/studiehuisreshiet.nl\/de\/was-gibt-es-in-unserer-nachbarschaft-zu-tun\/"]}]},{"@type":"BreadcrumbList","@id":"https:\/\/studiehuisreshiet.nl\/de\/was-gibt-es-in-unserer-nachbarschaft-zu-tun\/#breadcrumb","itemListElement":[{"@type":"ListItem","position":1,"name":"Home","item":"https:\/\/studiehuisreshiet.nl\/de\/voorbeeld-pagina\/"},{"@type":"ListItem","position":2,"name":"Was gibt es in unserer Nachbarschaft zu tun?"}]},{"@type":"WebSite","@id":"https:\/\/studiehuisreshiet.nl\/de\/#website","url":"https:\/\/studiehuisreshiet.nl\/de\/","name":"Studiehuis Reshiet","description":"","potentialAction":[{"@type":"SearchAction","target":{"@type":"EntryPoint","urlTemplate":"https:\/\/studiehuisreshiet.nl\/de\/?s={search_term_string}"},"query-input":{"@type":"PropertyValueSpecification","valueRequired":true,"valueName":"search_term_string"}}],"inLanguage":"de"}]}},"_links":{"self":[{"href":"https:\/\/studiehuisreshiet.nl\/de\/wp-json\/wp\/v2\/pages\/4275","targetHints":{"allow":["GET"]}}],"collection":[{"href":"https:\/\/studiehuisreshiet.nl\/de\/wp-json\/wp\/v2\/pages"}],"about":[{"href":"https:\/\/studiehuisreshiet.nl\/de\/wp-json\/wp\/v2\/types\/page"}],"author":[{"embeddable":true,"href":"https:\/\/studiehuisreshiet.nl\/de\/wp-json\/wp\/v2\/users\/3"}],"replies":[{"embeddable":true,"href":"https:\/\/studiehuisreshiet.nl\/de\/wp-json\/wp\/v2\/comments?post=4275"}],"version-history":[{"count":0,"href":"https:\/\/studiehuisreshiet.nl\/de\/wp-json\/wp\/v2\/pages\/4275\/revisions"}],"wp:attachment":[{"href":"https:\/\/studiehuisreshiet.nl\/de\/wp-json\/wp\/v2\/media?parent=4275"}],"wp:term":[{"taxonomy":"category","embeddable":true,"href":"https:\/\/studiehuisreshiet.nl\/de\/wp-json\/wp\/v2\/categories?post=4275"},{"taxonomy":"post_tag","embeddable":true,"href":"https:\/\/studiehuisreshiet.nl\/de\/wp-json\/wp\/v2\/tags?post=4275"}],"curies":[{"name":"wp","href":"https:\/\/api.w.org\/{rel}","templated":true}]}}