{"id":511,"date":"2021-11-16T09:31:50","date_gmt":"2021-11-16T09:31:50","guid":{"rendered":"https:\/\/studiehuisreshiet.nl\/home\/"},"modified":"2022-09-06T17:14:01","modified_gmt":"2022-09-06T15:14:01","slug":"voorbeeld-pagina","status":"publish","type":"page","link":"https:\/\/studiehuisreshiet.nl\/de\/","title":{"rendered":"Home"},"content":{"rendered":"\n<div id=\"visual-block_6194df9a4b06c\" class=\"content alignfull visual tekst-wrapper\">\n    <div class=\"container height\">\n        <div class=\"row height d-flex align-items-center justify-content-center tekst-container\">\n                        <div class=\"visual_tekst col-md-auto\">\n                    <h3>Home<\/h3>\n                    <div class=\"tekst_achtergrond\"><\/div>\n                <\/div>\n                    <\/div>\n    <\/div>\n<\/div>\n<style>\n    #visual-block_6194df9a4b06c.visual{\n        z-index: 0;\n        position: relative;\n                    height: 600px; \n                background: url(https:\/\/studiehuisreshiet.nl\/wp-content\/uploads\/2022\/03\/Untitled-design-46.png) center center; background-size: cover; background-repeat: no-repeat;        margin: 0;\n    }\n        #visual-block_6194df9a4b06c.visual h1, .visual h2, .visual h3, .visual h4, .visual h5, .visual h6, .visual p{\n        color: #ffffff;\n                    text-align: center;\n                margin: 5px 0;\n    }\n        .visual_tekst {\n        width: 100%;\n    }\n<\/style>\n\n<div id=\"single_column-block_619790eeab5d8\" class=\"content container\">\n<div class=\"container \">\n    <div class=\"row \">\n                \n                            <div class=\"col-md-6\">\n                                            <div class=\"c-tekst-wrapper kolom-1 \">\n                            <h3><span style=\"color: #0000ff\">Wer sind wir?<\/span><\/h3>\n<div id=\"attachment_1782\" style=\"width: 278px\" class=\"wp-caption alignright\"><img loading=\"lazy\" decoding=\"async\" aria-describedby=\"caption-attachment-1782\" class=\"wp-image-1782 size-medium\" src=\"https:\/\/studiehuisreshiet.nl\/wp-content\/uploads\/2022\/01\/Yair-en-Karen-268x300.jpg\" alt=\"\" width=\"268\" height=\"300\" srcset=\"https:\/\/studiehuisreshiet.nl\/wp-content\/uploads\/2022\/01\/Yair-en-Karen-268x300.jpg 268w, https:\/\/studiehuisreshiet.nl\/wp-content\/uploads\/2022\/01\/Yair-en-Karen-914x1024.jpg 914w, https:\/\/studiehuisreshiet.nl\/wp-content\/uploads\/2022\/01\/Yair-en-Karen-768x860.jpg 768w, https:\/\/studiehuisreshiet.nl\/wp-content\/uploads\/2022\/01\/Yair-en-Karen-600x672.jpg 600w, https:\/\/studiehuisreshiet.nl\/wp-content\/uploads\/2022\/01\/Yair-en-Karen.jpg 1050w\" sizes=\"auto, (max-width: 268px) 100vw, 268px\" \/><p id=\"caption-attachment-1782\" class=\"wp-caption-text\">Yair und Karen Strijker<\/p><\/div>\n<p>Willkommen auf unserer Website! Wir sind Yair und Karen Strijker. In dieser Rubrik erz\u00e4hlen wir Ihnen, wie das Studienhaus Reshiet entstanden ist.<\/p>\n<p>Das Studienhaus Reshiet gibt es, seit Pastor R.S. Strijker Anfang der neunziger Jahre den alephischen Kurs &#8218;Hebr\u00e4isch in sechs Tagen&#8216; schrieb. Er wollte, dass jeder, der die Bibel liest, in der Lage ist, die hebr\u00e4ische Sprache in die Hand zu nehmen, um ein unabh\u00e4ngiges Bibelstudium zu betreiben, so dass man wei\u00df, was wirklich darin steht, ohne das Raster der \u00dcbersetzung. Sohn Yair griff dies damals auf, um j\u00fcdische Kinder auf ihre Bar Mitzwa vorzubereiten, und gemeinsam entwickelten sie den Kurs f\u00fcr den Unterricht. Es lag also auf der Hand, dass das Studienhaus Reshiet geboren werden w\u00fcrde, und das geschah 1995.<\/p>\n<div id=\"attachment_1779\" style=\"width: 310px\" class=\"wp-caption alignleft\"><img loading=\"lazy\" decoding=\"async\" aria-describedby=\"caption-attachment-1779\" class=\"wp-image-1779 size-medium\" src=\"https:\/\/studiehuisreshiet.nl\/wp-content\/uploads\/2022\/01\/pa-en-ma-1-300x225.jpg\" alt=\"de grondlegger ger. ds. Roelof Strijker en zijn vrouw Tineke\" width=\"300\" height=\"225\" srcset=\"https:\/\/studiehuisreshiet.nl\/wp-content\/uploads\/2022\/01\/pa-en-ma-1-300x225.jpg 300w, https:\/\/studiehuisreshiet.nl\/wp-content\/uploads\/2022\/01\/pa-en-ma-1-1024x768.jpg 1024w, https:\/\/studiehuisreshiet.nl\/wp-content\/uploads\/2022\/01\/pa-en-ma-1-768x576.jpg 768w, https:\/\/studiehuisreshiet.nl\/wp-content\/uploads\/2022\/01\/pa-en-ma-1-1536x1152.jpg 1536w, https:\/\/studiehuisreshiet.nl\/wp-content\/uploads\/2022\/01\/pa-en-ma-1-1350x1013.jpg 1350w, https:\/\/studiehuisreshiet.nl\/wp-content\/uploads\/2022\/01\/pa-en-ma-1-600x450.jpg 600w, https:\/\/studiehuisreshiet.nl\/wp-content\/uploads\/2022\/01\/pa-en-ma-1.jpg 1600w\" sizes=\"auto, (max-width: 300px) 100vw, 300px\" \/><p id=\"caption-attachment-1779\" class=\"wp-caption-text\">Der Pfarrer R. Strijker mit seiner Frau Tineke.<\/p><\/div>\n<p>Mittlerweile unterrichten wir, Yair und Karen Strijker, den Aleph Kurs schon seit vielen Jahren und machen noch viel mehr, wie z.B. (meist kostenlose) virtuelle F\u00fchrungen durch Israel und Webinare \u00fcber die biblischen Hochzeiten wie Pessach, Schawuoth und Sukkoth. Wir geben auch Webinare zu anderen biblischen Themen: die Parascha und die Psalmen und schreiben unsere w\u00f6chentlichen &#8222;Shomron News&#8220; mit Nachrichten aus Israel.\u00a0 F\u00fcr jeden etwas. Wir haben zwei Kinder: Ruth (18) und Sam (17). Wir leben seit 2013 in Israel in dem Dorf Na&#8217;ale, das wundersch\u00f6n in den Ephraim\/Benjamin-H\u00fcgeln zwischen Tel Aviv und Jerusalem liegt. Wir betreiben ein G\u00e4stehaus und organisieren Studienreisen f\u00fcr alle, die das sch\u00f6ne Israel genie\u00dfen und etwas \u00fcber das Land und die Sprache lernen m\u00f6chten. Bitte kontaktieren Sie uns <a href=\"mailto:info@studiehuisreshiet.nl\">hier<\/a>.<\/p>\n<h2><\/h2>\n                        <\/div>\n                        <style>\n                                                        #single_column-block_619790eeab5d8 .c-tekst-wrapper.kolom-1{\n                                padding-top: 0px;\n                                padding-bottom: 0px;\n                                background-color: ;\n                                                                                            }\n                            #single_column-block_619790eeab5d8 .c-tekst-wrapper.kolom-1 p, #single_column-block_619790eeab5d8 .c-tekst-wrapper.kolom-1 h1, #single_column-block_619790eeab5d8 .c-tekst-wrapper.kolom-1 h2, #single_column-block_619790eeab5d8 .c-tekst-wrapper.kolom-1 h3, \n                            #single_column-block_619790eeab5d8 .c-tekst-wrapper.kolom-1 h4, #single_column-block_619790eeab5d8 .c-tekst-wrapper.kolom-1 h5, #single_column-block_619790eeab5d8 .c-tekst-wrapper.kolom-1 h6{\n                                color: ;\n                                                            }\n                        <\/style>\n                     \n                <\/div>\n                                <div class=\"col-md-6\">\n                                            <div class=\"c-tekst-wrapper kolom-2 \">\n                            <h3><span style=\"color: #0000ff\">Hebr\u00e4isch, die heilige Sprache, im Vergleich zu den &#8222;aussterbenden&#8220; Sprachen<\/span><\/h3>\n<p>Hebr\u00e4isch ist nicht irgendeine Sprache, sondern die Sprache, die von der anderen Seite zu uns gekommen ist. Das Wort <strong>\u05e2\u05b4\u05d1\u05b0\u05bc\u05e8\u05b4\u05d9\u05ea<\/strong> bedeutet w\u00f6rtlich: <em>von der anderen Seite kommend.<\/em> Hebr\u00e4isch ist die Sprache, in der Gott sprach, und es geschah.<\/p>\n<p>Wie wir im Buch Genesis lesen k\u00f6nnen, gingen also Sprache und<img loading=\"lazy\" decoding=\"async\" class=\" wp-image-4432 alignright\" src=\"https:\/\/studiehuisreshiet.nl\/wp-content\/uploads\/2022\/04\/Bereshiet-300x244.jpg\" alt=\"\" width=\"231\" height=\"188\" srcset=\"https:\/\/studiehuisreshiet.nl\/wp-content\/uploads\/2022\/04\/Bereshiet-300x244.jpg 300w, https:\/\/studiehuisreshiet.nl\/wp-content\/uploads\/2022\/04\/Bereshiet-1024x834.jpg 1024w, https:\/\/studiehuisreshiet.nl\/wp-content\/uploads\/2022\/04\/Bereshiet-768x625.jpg 768w, https:\/\/studiehuisreshiet.nl\/wp-content\/uploads\/2022\/04\/Bereshiet-1536x1250.jpg 1536w, https:\/\/studiehuisreshiet.nl\/wp-content\/uploads\/2022\/04\/Bereshiet-2048x1667.jpg 2048w, https:\/\/studiehuisreshiet.nl\/wp-content\/uploads\/2022\/04\/Bereshiet-1350x1099.jpg 1350w, https:\/\/studiehuisreshiet.nl\/wp-content\/uploads\/2022\/04\/Bereshiet-600x488.jpg 600w\" sizes=\"auto, (max-width: 231px) 100vw, 231px\" \/> Sprechen der Sch\u00f6pfung voraus. Nach j\u00fcdischer Tradition ist die Erschaffung der Sprache ein noch gr\u00f6\u00dferes Ereignis als die Erschaffung von Himmel und Erde. Die hebr\u00e4ische Sprache hat ihren Ursprung in Gott, der selbst Sprache ist, denn er ist das Wort: &#8222;Im Anfang war das Wort, und das Wort war bei Gott, und das Wort war Gott&#8220; (Johannes 1,1).<\/p>\n<p>Diejenigen, die sich mit dieser besonders tiefgr\u00fcndigen und delikaten Sprache besch\u00e4ftigen, werden zustimmen, dass diese Sprache g\u00f6ttlich ist; dass der Gott Israels selbst in dieser Sprache verborgen ist, sogar bis hin zu den grammatikalischen Regeln.<\/p>\n<p>Hebr\u00e4isch ist auf jeden Fall die Sprache, in der die Bibel zu uns gekommen ist. Aber es ist auch die Sprache, in der sich Jesus\/Jehoshua` offenbart hat. In Apostelgeschichte 26:14 zum Beispiel spricht er Paulus\/Shaul auf Hebr\u00e4isch an. Diese Ank\u00fcndigung: &#8222;Ich h\u00f6rte eine Stimme, die in hebr\u00e4ischer Sprache zu mir sprach&#8220;, kommt nicht von ungef\u00e4hr. Es ist auch wichtig, dass es dort steht, weil das Neue Testament einfach in der griechischen \u00dcbersetzung zu uns gekommen ist. Deshalb gibt es viele Menschen, die meinen, dass Jehoschua damals nur Griechisch und Aram\u00e4isch sprach. Nichts ist weniger wahr, Hebr\u00e4isch ist ohnehin die Sprache, die in den Synagogen gesprochen wurde, w\u00e4hrend Aram\u00e4isch, die hebr\u00e4ische Schwestersprache mit den gleichen Buchstaben, eher die Alltagssprache war.<\/p>\n<p>Hirsch: Hebr\u00e4isch ist die urspr\u00fcngliche Sprache.\u00a0Der sehr gelehrte und hochgesch\u00e4tzte Rabbiner Samson Raphael Hirsch aus dem 19. Jahrhundert, der in die Fu\u00dfstapfen vieler fr\u00fcherer j\u00fcdischer Bibelforscher tritt, ist der festen \u00dcberzeugung, dass das Hebr\u00e4ische, wie wir es heute kennen, nicht nur <em>die heilige, g\u00f6ttliche Sprache<\/em> <strong>\u05dc\u05b8\u05e9\u05c1\u05d5\u05b9\u05df \u05e7\u05d5\u05b9\u05d3\u05b6\u05e9\u05c1<\/strong> l\u00e1shon q\u00f3desh ist, sondern auch die \u00e4lteste menschliche Sprache \u00fcberhaupt. Nach Hirsch muss es sich bei der in Genesis 11,1 erw\u00e4hnten &#8222;einen, universellen Sprache&#8220; um eine Sprache handeln, die aus einer einzigen Quelle stammt, konsistent, systematisch, geordnet und logisch aufgebaut ist. Das Hebr\u00e4ische erf\u00fcllt diese Merkmale voll und ganz.<\/p>\n<p><img loading=\"lazy\" decoding=\"async\" class=\" wp-image-4435 alignleft\" src=\"https:\/\/studiehuisreshiet.nl\/wp-content\/uploads\/2022\/04\/tower-of-babel-5783016_640-300x253.png\" alt=\"\" width=\"223\" height=\"188\" srcset=\"https:\/\/studiehuisreshiet.nl\/wp-content\/uploads\/2022\/04\/tower-of-babel-5783016_640-300x253.png 300w, https:\/\/studiehuisreshiet.nl\/wp-content\/uploads\/2022\/04\/tower-of-babel-5783016_640-600x506.png 600w, https:\/\/studiehuisreshiet.nl\/wp-content\/uploads\/2022\/04\/tower-of-babel-5783016_640.png 640w\" sizes=\"auto, (max-width: 223px) 100vw, 223px\" \/>Als der Turm zu Babel gebaut wurde, hei\u00dft es in 1. Mose 11,7: <em>&#8222;Lasst uns ihre Sprache dort verwirren.&#8220;<\/em>\u00a0Im Hebr\u00e4ischen hei\u00dft es <strong>\u05e0\u05b4\u05d1\u05b0\u05dc\u05b8\u05d4 \u05e9\u05b8\u05c1\u05dd \u05e9\u05b0\u05c1\u05e4\u05b8\u05ea\u05b7\u05dd<\/strong> nibhl\u00e1h sh\u00e1m sh\u00eaph\u00e1tam.\u00a0Das Verb n\u00e1bhal, von dem nibhl\u00e1h abgeleitet ist, bedeutet <em>verblassen<\/em> oder <em>verdorren<\/em>. So geschah Folgendes: Die Beziehung zwischen den Turmbauern und der von Gott abgeleiteten Sprache verblasste, und infolgedessen entwickelte jeder sein eigenes Vokabular. In dieser Sprachverwirrung entstanden Sprachen, in denen der Sch\u00f6pfer nicht mehr transparent, nicht mehr klar erkennbar war. Durch diesen Verlust an Transparenz, an Offenheit und Tiefe verblassten die Worte und wurden zu leeren Klangzeichen, zu Sprachcodes. Die Buchstaben und der Buchstabenzusammenhang zwischen den W\u00f6rtern verloren ihre typische sprachliche Bedeutung und wurden im Prinzip austauschbar. Ein bestimmtes M\u00f6belst\u00fcck kann genauso gut mit dem Wort &#8222;Stuhl&#8220; wie mit &#8222;Tisch&#8220; bezeichnet werden. Die Sprachen selbst bekamen so den Charakter von &#8222;babbelen&#8220;: Das niederl\u00e4ndische Wort babbelen kommt vom hebr\u00e4ischen Wort B\u00e1bhel: Durcheinander.<\/p>\n<p>Hirsch \u00fcber die quadratische Schrift.\u00a0Hirsch und vielen anderen zufolge erhielt das Volk Israel bei der Offenbarung am Sinai neben der Tora auch die urspr\u00fcngliche universelle g\u00f6ttliche Schrift, die hebr\u00e4ische Viereckschrift. Gott selbst hat die Zehn Worte in dieser besonderen Schrift in die beiden steinernen Tafeln eingraviert.<\/p>\n<p>So v\u00f6llig anders der Gott der Hebr\u00e4er ist, so ist auch seine Sprache. Das Hebr\u00e4ische hat kaum Lehnw\u00f6rter aus anderen Sprachen. Diese heilige q\u00f3desh-Sprache hat ihre eigene innere Struktur und Sprache, ihre eigene Logik und viele individuelle und nuancierte Unterschiede.<\/p>\n<p>Jeder Buchstabe ist an seinem Platz, und kein Jota, kein Jod (<strong>\u05d9<\/strong>), der kleinste Buchstabe der hebr\u00e4ischen Schrift, darf ausgekratzt werden: oiwawoi (moderner hebr\u00e4ischer Ausdruck f\u00fcr oh weh), die, die das tun! Am Buchstaben Yod kann man noch erkennen, dass Hebr\u00e4isch eine Sprache ist, die von der anderen Seite, von oben kommt. Der Brief h\u00e4ngt gleichsam in der Luft, an einer unsichtbaren oberen Linie.<\/p>\n<p>Beispiel Sprache: Der erste Buchstabe ist das Aleph \u05d0 und dieser Buchstabe spiegelt Gott selbst wider. Er ist das Aleph, der erste Buchstabe des Alephbeth. Das Aleph ist ein stummer Buchstabe; es hat keinen eigenen Klang und verweist daher auf die stille Pr\u00e4senz des Sch\u00f6pfers dieser einzigartigen Sprache. Das Aleph ist die Zahl 1, und Gott sagt von sich selbst in Deuteronomium 6:4, dass er Einer ist. Dies kann als auff\u00e4llig bezeichnet werden. Es gibt noch eine Reihe anderer Verweise vom Aleph auf Gott.<\/p>\n<p>Das Wort f\u00fcr <em>Mensch,<\/em> \u00e1d\u00e1m <strong>\u05d0\u05b8\u05d3\u05b8\u05dd<\/strong>, beginnt mit diesem Anfangsbuchstaben \u05d0. Die Wurzel des Wortes Adam kommt von dem<img loading=\"lazy\" decoding=\"async\" class=\" wp-image-4438 alignright\" src=\"https:\/\/studiehuisreshiet.nl\/wp-content\/uploads\/2022\/04\/fairy-tale-1180921_640-300x191.png\" alt=\"\" width=\"217\" height=\"138\" srcset=\"https:\/\/studiehuisreshiet.nl\/wp-content\/uploads\/2022\/04\/fairy-tale-1180921_640-300x191.png 300w, https:\/\/studiehuisreshiet.nl\/wp-content\/uploads\/2022\/04\/fairy-tale-1180921_640-600x383.png 600w, https:\/\/studiehuisreshiet.nl\/wp-content\/uploads\/2022\/04\/fairy-tale-1180921_640.png 640w\" sizes=\"auto, (max-width: 217px) 100vw, 217px\" \/> Verb d\u00e1m\u00e1h <strong>\u05d3\u05b8\u05de\u05b8\u05d4<\/strong>: <em>\u00e4hneln<\/em>. In dem Wort \u00e1d\u00e1m steckt auch das Wort <strong>\u05d3\u05b8\u05dd<\/strong> dam: <em>Blut<\/em>. Adam ist ein Wesen aus Fleisch und <em>Blut<\/em>.\u00a0Die ersten beiden Buchstaben von Adam bilden das Wort &#8218;\u00e9d <strong>\u05d0\u05b5\u05d3<\/strong> <em>fl\u00fcchtiger Geist, Dampf<\/em>. Die menschliche Existenz ist verg\u00e4nglich, wir sind wie die Blumen auf dem Feld, am Abend ist die Kraft fast aufgebraucht und wir verwelken (Psalm 103,15-16). Adam wurde von Gott von der <em>Erde<\/em> genommen, der ad\u00e1m\u00e1h<strong> \u05d0\u05b2\u05d3\u05b8\u05de\u05b8\u05d4<\/strong>. In dem Wort ad\u00e1m\u00e1h ist das Wort damah versteckt, das <em>&#8222;\u00e4hnlich&#8220;<\/em> bedeutet, und auch das Aleph <strong>\u05d0<\/strong>, der Buchstabe, der auf Gott verweist, und nat\u00fcrlich sehen wir dort auch das Wort \u00e1d\u00e1m <strong>\u05d0\u05b8\u05d3\u05b8\u05dd<\/strong>! Was k\u00f6nnen wir also sagen, was in dem Wort ad\u00e1m\u00e1h enthalten ist: <em>\u00e1d\u00e1m, der von Gott von der Erde genommen wurde, ist derjenige, der wie das Aleph aussieht, wie Gott!<\/em> Wie viele Beweise brauchen wir noch, dass Hebr\u00e4isch wirklich die Sprache Gottes ist? Und so ist das Hebr\u00e4ische voll von wunderbaren Geheimnissen.<\/p>\n<p>Das t\u00e4gliche Trinken aus dem biblischen Brunnen ist ebenso notwendig wie das t\u00e4gliche Essen und Trinken. Jede \u00dcbersetzung kann diesen Zweck erf\u00fcllen. Aber so wie viele Menschen ihre Gesundheit erhalten, <img loading=\"lazy\" decoding=\"async\" class=\" wp-image-4441 alignleft\" src=\"https:\/\/studiehuisreshiet.nl\/wp-content\/uploads\/2022\/04\/fruits-6786607_640-300x200.jpg\" alt=\"\" width=\"221\" height=\"147\" srcset=\"https:\/\/studiehuisreshiet.nl\/wp-content\/uploads\/2022\/04\/fruits-6786607_640-300x200.jpg 300w, https:\/\/studiehuisreshiet.nl\/wp-content\/uploads\/2022\/04\/fruits-6786607_640-600x400.jpg 600w, https:\/\/studiehuisreshiet.nl\/wp-content\/uploads\/2022\/04\/fruits-6786607_640.jpg 640w\" sizes=\"auto, (max-width: 221px) 100vw, 221px\" \/>indem sie regelm\u00e4\u00dfig einige Vitamine oder Mineralien zu sich nehmen, weil unsere Ern\u00e4hrung manchmal etwas zu mager oder einseitig ist, so k\u00f6nnen wir unsere etwas magere oder einseitige Bibel\u00fcbersetzung erg\u00e4nzen, indem wir t\u00e4glich ein paar hebr\u00e4ische Erg\u00e4nzungen einnehmen. Ein hebr\u00e4isches Wort pro Tag oder ein hebr\u00e4ischer Satz aus den Psalmen kann ausreichen. Wenn diese hebr\u00e4ischen Erg\u00e4nzungen einmal durch Wiederholung in unsere Herzen und in unsere K\u00f6pfe gelangt sind, bleiben sie f\u00fcr immer frisch und gr\u00fcn. Indem sie immer wieder &#8222;ausgesaugt&#8220; werden, verlieren sie nicht ihre Kraft, sondern werden im Gegenteil durch ihren Gebrauch immer m\u00e4chtiger, immer transparenter f\u00fcr Gott, das Wort selbst.<\/p>\n<p>*Dies wird in unserem Alephakurs &#8222;Hebr\u00e4isch in sechs Tagen&#8220; ausf\u00fchrlicher behandelt.<\/p>\n<p>*** \u00dcbersetzt mit www.DeepL.com\/Translator (kostenlose Version) ***<\/p>\n<p>&nbsp;<\/p>\n                        <\/div>\n                        <style>\n                                                        #single_column-block_619790eeab5d8 .c-tekst-wrapper.kolom-2{\n                                padding-top: 0px;\n                                padding-bottom: 0px;\n                                background-color: ;\n                                                                                            }\n                            #single_column-block_619790eeab5d8 .c-tekst-wrapper.kolom-2 p, #single_column-block_619790eeab5d8 .c-tekst-wrapper.kolom-2 h1, #single_column-block_619790eeab5d8 .c-tekst-wrapper.kolom-2 h2, #single_column-block_619790eeab5d8 .c-tekst-wrapper.kolom-2 h3, \n                            #single_column-block_619790eeab5d8 .c-tekst-wrapper.kolom-2 h4, #single_column-block_619790eeab5d8 .c-tekst-wrapper.kolom-2 h5, #single_column-block_619790eeab5d8 .c-tekst-wrapper.kolom-2 h6{\n                                color: ;\n                                                            }\n                        <\/style>\n                     \n                <\/div>\n                        \n        \n        <style>\n            #single_column-block_619790eeab5d8{\n                                padding: 0;\n                margin-top: 60px;\n                margin-bottom: 60px;\n            }\n        <\/style>\n    <\/div>\n<\/div>\n<\/div>\n\n\n    \n    <div id=\"news-block_61963943ce8c4\" class=\"content news container\">\n        <div class=\"container \">\n            <div class=\"row\">\n                <div class=\"col-md-12 mb-30\">\n                    <h2 class=\"text-left\">\n                        Nachrichten                    <\/h2>\n                <\/div>\n                                <div class=\"col-lg-4 col-md-6 col-sm-12 mb-30\">\n                    <div class=\"nieuws-block d-flex\">\n                        <a href=\"https:\/\/studiehuisreshiet.nl\/de\/hebraeisch-kurse\/\">\n                            <div class=\"nieuws-img\">\n                                                            <\/div>\n                        <\/a>\n                        <div class=\"nieuws-tekst flex-fill\">\n                            13-03-2022                            <a href=\"https:\/\/studiehuisreshiet.nl\/de\/hebraeisch-kurse\/\">\n                                <h3>\n                                    Hebr\u00e4isch-Kurse                                <\/h3>\n                            <\/a>\n                            <p><\/p>                            <a class=\"has-hoofdkleur-1-color lees-meer\" href=\"https:\/\/studiehuisreshiet.nl\/de\/hebraeisch-kurse\/\">Lees verder <i class=\"fas fa-chevron-right\"><\/i><\/a>\n                        <\/div>\n                    <\/div>\n                <\/div>\n                \n            <\/div>\n        <\/div>\n    <\/div>\n    <style>\n        .nieuws-block:hover {\n            box-shadow: 0px 2px 15px rgba(0,0,0,0.2);}\n            \n            #news-block_61963943ce8c4 {\n                position: relative;\n                padding: 0;\n                padding-top: 60px;\n                padding-bottom: 60px;\n            }\n\n            #news-block_61963943ce8c4:before {\n                content: '';\n                position: absolute;\n                top: 0;\n                left: 50%;\n                transform: translateX( -50%);\n                height: 100%;\n                width: 100vw;\n                            }\n\n    <\/style>\n    ","protected":false},"excerpt":{"rendered":"","protected":false},"author":1,"featured_media":0,"parent":0,"menu_order":0,"comment_status":"closed","ping_status":"open","template":"","meta":{"_acf_changed":false,"footnotes":""},"categories":[],"tags":[],"class_list":["post-511","page","type-page","status-publish","hentry"],"acf":[],"yoast_head":"<!-- This site is optimized with the Yoast SEO plugin v27.3 - https:\/\/yoast.com\/product\/yoast-seo-wordpress\/ -->\n<title>Home - Studiehuis Reshiet<\/title>\n<meta name=\"robots\" content=\"index, follow, max-snippet:-1, max-image-preview:large, max-video-preview:-1\" \/>\n<link rel=\"canonical\" href=\"https:\/\/studiehuisreshiet.nl\/de\/\" \/>\n<meta property=\"og:locale\" content=\"de_DE\" \/>\n<meta property=\"og:type\" content=\"article\" \/>\n<meta property=\"og:title\" content=\"Home - Studiehuis Reshiet\" \/>\n<meta property=\"og:url\" content=\"https:\/\/studiehuisreshiet.nl\/de\/\" \/>\n<meta property=\"og:site_name\" content=\"Studiehuis Reshiet\" \/>\n<meta property=\"article:modified_time\" content=\"2022-09-06T15:14:01+00:00\" \/>\n<meta name=\"twitter:card\" content=\"summary_large_image\" \/>\n<script type=\"application\/ld+json\" class=\"yoast-schema-graph\">{\"@context\":\"https:\\\/\\\/schema.org\",\"@graph\":[{\"@type\":\"WebPage\",\"@id\":\"https:\\\/\\\/studiehuisreshiet.nl\\\/de\\\/\",\"url\":\"https:\\\/\\\/studiehuisreshiet.nl\\\/de\\\/\",\"name\":\"Home - Studiehuis Reshiet\",\"isPartOf\":{\"@id\":\"https:\\\/\\\/studiehuisreshiet.nl\\\/de\\\/#website\"},\"datePublished\":\"2021-11-16T09:31:50+00:00\",\"dateModified\":\"2022-09-06T15:14:01+00:00\",\"breadcrumb\":{\"@id\":\"https:\\\/\\\/studiehuisreshiet.nl\\\/de\\\/#breadcrumb\"},\"inLanguage\":\"de\",\"potentialAction\":[{\"@type\":\"ReadAction\",\"target\":[\"https:\\\/\\\/studiehuisreshiet.nl\\\/de\\\/\"]}]},{\"@type\":\"BreadcrumbList\",\"@id\":\"https:\\\/\\\/studiehuisreshiet.nl\\\/de\\\/#breadcrumb\",\"itemListElement\":[{\"@type\":\"ListItem\",\"position\":1,\"name\":\"Home\",\"item\":\"https:\\\/\\\/studiehuisreshiet.nl\\\/de\\\/voorbeeld-pagina\\\/\"},{\"@type\":\"ListItem\",\"position\":2,\"name\":\"Home\"}]},{\"@type\":\"WebSite\",\"@id\":\"https:\\\/\\\/studiehuisreshiet.nl\\\/de\\\/#website\",\"url\":\"https:\\\/\\\/studiehuisreshiet.nl\\\/de\\\/\",\"name\":\"Studiehuis Reshiet\",\"description\":\"\",\"potentialAction\":[{\"@type\":\"SearchAction\",\"target\":{\"@type\":\"EntryPoint\",\"urlTemplate\":\"https:\\\/\\\/studiehuisreshiet.nl\\\/de\\\/?s={search_term_string}\"},\"query-input\":{\"@type\":\"PropertyValueSpecification\",\"valueRequired\":true,\"valueName\":\"search_term_string\"}}],\"inLanguage\":\"de\"}]}<\/script>\n<!-- \/ Yoast SEO plugin. -->","yoast_head_json":{"title":"Home - Studiehuis Reshiet","robots":{"index":"index","follow":"follow","max-snippet":"max-snippet:-1","max-image-preview":"max-image-preview:large","max-video-preview":"max-video-preview:-1"},"canonical":"https:\/\/studiehuisreshiet.nl\/de\/","og_locale":"de_DE","og_type":"article","og_title":"Home - Studiehuis Reshiet","og_url":"https:\/\/studiehuisreshiet.nl\/de\/","og_site_name":"Studiehuis Reshiet","article_modified_time":"2022-09-06T15:14:01+00:00","twitter_card":"summary_large_image","schema":{"@context":"https:\/\/schema.org","@graph":[{"@type":"WebPage","@id":"https:\/\/studiehuisreshiet.nl\/de\/","url":"https:\/\/studiehuisreshiet.nl\/de\/","name":"Home - Studiehuis Reshiet","isPartOf":{"@id":"https:\/\/studiehuisreshiet.nl\/de\/#website"},"datePublished":"2021-11-16T09:31:50+00:00","dateModified":"2022-09-06T15:14:01+00:00","breadcrumb":{"@id":"https:\/\/studiehuisreshiet.nl\/de\/#breadcrumb"},"inLanguage":"de","potentialAction":[{"@type":"ReadAction","target":["https:\/\/studiehuisreshiet.nl\/de\/"]}]},{"@type":"BreadcrumbList","@id":"https:\/\/studiehuisreshiet.nl\/de\/#breadcrumb","itemListElement":[{"@type":"ListItem","position":1,"name":"Home","item":"https:\/\/studiehuisreshiet.nl\/de\/voorbeeld-pagina\/"},{"@type":"ListItem","position":2,"name":"Home"}]},{"@type":"WebSite","@id":"https:\/\/studiehuisreshiet.nl\/de\/#website","url":"https:\/\/studiehuisreshiet.nl\/de\/","name":"Studiehuis Reshiet","description":"","potentialAction":[{"@type":"SearchAction","target":{"@type":"EntryPoint","urlTemplate":"https:\/\/studiehuisreshiet.nl\/de\/?s={search_term_string}"},"query-input":{"@type":"PropertyValueSpecification","valueRequired":true,"valueName":"search_term_string"}}],"inLanguage":"de"}]}},"_links":{"self":[{"href":"https:\/\/studiehuisreshiet.nl\/de\/wp-json\/wp\/v2\/pages\/511","targetHints":{"allow":["GET"]}}],"collection":[{"href":"https:\/\/studiehuisreshiet.nl\/de\/wp-json\/wp\/v2\/pages"}],"about":[{"href":"https:\/\/studiehuisreshiet.nl\/de\/wp-json\/wp\/v2\/types\/page"}],"author":[{"embeddable":true,"href":"https:\/\/studiehuisreshiet.nl\/de\/wp-json\/wp\/v2\/users\/1"}],"replies":[{"embeddable":true,"href":"https:\/\/studiehuisreshiet.nl\/de\/wp-json\/wp\/v2\/comments?post=511"}],"version-history":[{"count":0,"href":"https:\/\/studiehuisreshiet.nl\/de\/wp-json\/wp\/v2\/pages\/511\/revisions"}],"wp:attachment":[{"href":"https:\/\/studiehuisreshiet.nl\/de\/wp-json\/wp\/v2\/media?parent=511"}],"wp:term":[{"taxonomy":"category","embeddable":true,"href":"https:\/\/studiehuisreshiet.nl\/de\/wp-json\/wp\/v2\/categories?post=511"},{"taxonomy":"post_tag","embeddable":true,"href":"https:\/\/studiehuisreshiet.nl\/de\/wp-json\/wp\/v2\/tags?post=511"}],"curies":[{"name":"wp","href":"https:\/\/api.w.org\/{rel}","templated":true}]}}