{"id":9215,"date":"2025-02-25T14:41:06","date_gmt":"2025-02-25T13:41:06","guid":{"rendered":"https:\/\/studiehuisreshiet.nl\/winkel\/mal-lernbuch\/"},"modified":"2026-02-04T12:02:21","modified_gmt":"2026-02-04T11:02:21","slug":"mal-lernbuch","status":"publish","type":"product","link":"https:\/\/studiehuisreshiet.nl\/de\/produkt\/mal-lernbuch\/","title":{"rendered":"Mal-Lernbuch"},"content":{"rendered":"<p>Geeignet f\u00fcr Jung und Alt; f\u00fcr \u00e4ltere bis sehr alte Menschen! Neben dem Ausmalen der sch\u00f6nen und einzigartigen Zeichnungen (entworfen von Ruben van der Giessen) lernen Sie die 22 hebr\u00e4ischen Buchstaben und auch einige verwandte W\u00f6rter pro Buchstabe. Ein sch\u00f6nes, lustiges und bedeutungsvolles Geschenk f\u00fcr andere und dich selbst. Das Buch ist sehr sch\u00f6n umgesetzt. Auch wenn es nicht ausgemalt ist, ist es ein sch\u00f6nes Lehrbuch f\u00fcr den Anf\u00e4nger.<\/p>\n","protected":false},"excerpt":{"rendered":"26 Seiten im A-4 Format,","protected":false},"featured_media":8884,"comment_status":"open","ping_status":"closed","template":"","meta":{"_acf_changed":false},"product_brand":[],"product_cat":[45],"product_tag":[],"class_list":{"0":"post-9215","1":"product","2":"type-product","3":"status-publish","4":"has-post-thumbnail","6":"product_cat-uncategorized-de","8":"first","9":"instock","10":"taxable","11":"shipping-taxable","12":"purchasable","13":"product-type-simple"},"acf":[],"yoast_head":"<!-- This site is optimized with the Yoast SEO plugin v26.8 - https:\/\/yoast.com\/product\/yoast-seo-wordpress\/ -->\n<title>Mal-Lernbuch - Studiehuis Reshiet<\/title>\n<meta name=\"robots\" content=\"index, follow, max-snippet:-1, max-image-preview:large, max-video-preview:-1\" \/>\n<link rel=\"canonical\" href=\"https:\/\/studiehuisreshiet.nl\/de\/produkt\/mal-lernbuch\/\" \/>\n<meta property=\"og:locale\" content=\"de_DE\" \/>\n<meta property=\"og:type\" content=\"article\" \/>\n<meta property=\"og:title\" content=\"Mal-Lernbuch - Studiehuis Reshiet\" \/>\n<meta property=\"og:description\" content=\"26 Seiten im A-4 Format,\" \/>\n<meta property=\"og:url\" content=\"https:\/\/studiehuisreshiet.nl\/de\/produkt\/mal-lernbuch\/\" \/>\n<meta property=\"og:site_name\" content=\"Studiehuis Reshiet\" \/>\n<meta property=\"article:modified_time\" content=\"2026-02-04T11:02:21+00:00\" \/>\n<meta property=\"og:image\" content=\"https:\/\/studiehuisreshiet.nl\/wp-content\/uploads\/2025\/02\/Duits-scaled.jpg\" \/>\n\t<meta property=\"og:image:width\" content=\"1920\" \/>\n\t<meta property=\"og:image:height\" content=\"2560\" \/>\n\t<meta property=\"og:image:type\" content=\"image\/jpeg\" \/>\n<meta name=\"twitter:card\" content=\"summary_large_image\" \/>\n<script type=\"application\/ld+json\" class=\"yoast-schema-graph\">{\"@context\":\"https:\/\/schema.org\",\"@graph\":[{\"@type\":\"WebPage\",\"@id\":\"https:\/\/studiehuisreshiet.nl\/de\/produkt\/mal-lernbuch\/\",\"url\":\"https:\/\/studiehuisreshiet.nl\/de\/produkt\/mal-lernbuch\/\",\"name\":\"Mal-Lernbuch - Studiehuis Reshiet\",\"isPartOf\":{\"@id\":\"https:\/\/studiehuisreshiet.nl\/de\/#website\"},\"primaryImageOfPage\":{\"@id\":\"https:\/\/studiehuisreshiet.nl\/de\/produkt\/mal-lernbuch\/#primaryimage\"},\"image\":{\"@id\":\"https:\/\/studiehuisreshiet.nl\/de\/produkt\/mal-lernbuch\/#primaryimage\"},\"thumbnailUrl\":\"https:\/\/studiehuisreshiet.nl\/wp-content\/uploads\/2025\/02\/Duits-scaled.jpg\",\"datePublished\":\"2025-02-25T13:41:06+00:00\",\"dateModified\":\"2026-02-04T11:02:21+00:00\",\"breadcrumb\":{\"@id\":\"https:\/\/studiehuisreshiet.nl\/de\/produkt\/mal-lernbuch\/#breadcrumb\"},\"inLanguage\":\"de\",\"potentialAction\":[{\"@type\":\"ReadAction\",\"target\":[\"https:\/\/studiehuisreshiet.nl\/de\/produkt\/mal-lernbuch\/\"]}]},{\"@type\":\"ImageObject\",\"inLanguage\":\"de\",\"@id\":\"https:\/\/studiehuisreshiet.nl\/de\/produkt\/mal-lernbuch\/#primaryimage\",\"url\":\"https:\/\/studiehuisreshiet.nl\/wp-content\/uploads\/2025\/02\/Duits-scaled.jpg\",\"contentUrl\":\"https:\/\/studiehuisreshiet.nl\/wp-content\/uploads\/2025\/02\/Duits-scaled.jpg\",\"width\":1920,\"height\":2560},{\"@type\":\"BreadcrumbList\",\"@id\":\"https:\/\/studiehuisreshiet.nl\/de\/produkt\/mal-lernbuch\/#breadcrumb\",\"itemListElement\":[{\"@type\":\"ListItem\",\"position\":1,\"name\":\"Home\",\"item\":\"https:\/\/studiehuisreshiet.nl\/de\/voorbeeld-pagina\/\"},{\"@type\":\"ListItem\",\"position\":2,\"name\":\"Mal-Lernbuch\"}]},{\"@type\":\"WebSite\",\"@id\":\"https:\/\/studiehuisreshiet.nl\/de\/#website\",\"url\":\"https:\/\/studiehuisreshiet.nl\/de\/\",\"name\":\"Studiehuis Reshiet\",\"description\":\"\",\"potentialAction\":[{\"@type\":\"SearchAction\",\"target\":{\"@type\":\"EntryPoint\",\"urlTemplate\":\"https:\/\/studiehuisreshiet.nl\/de\/?s={search_term_string}\"},\"query-input\":{\"@type\":\"PropertyValueSpecification\",\"valueRequired\":true,\"valueName\":\"search_term_string\"}}],\"inLanguage\":\"de\"}]}<\/script>\n<!-- \/ Yoast SEO plugin. -->","yoast_head_json":{"title":"Mal-Lernbuch - Studiehuis Reshiet","robots":{"index":"index","follow":"follow","max-snippet":"max-snippet:-1","max-image-preview":"max-image-preview:large","max-video-preview":"max-video-preview:-1"},"canonical":"https:\/\/studiehuisreshiet.nl\/de\/produkt\/mal-lernbuch\/","og_locale":"de_DE","og_type":"article","og_title":"Mal-Lernbuch - Studiehuis Reshiet","og_description":"26 Seiten im A-4 Format,","og_url":"https:\/\/studiehuisreshiet.nl\/de\/produkt\/mal-lernbuch\/","og_site_name":"Studiehuis Reshiet","article_modified_time":"2026-02-04T11:02:21+00:00","og_image":[{"width":1920,"height":2560,"url":"https:\/\/studiehuisreshiet.nl\/wp-content\/uploads\/2025\/02\/Duits-scaled.jpg","type":"image\/jpeg"}],"twitter_card":"summary_large_image","schema":{"@context":"https:\/\/schema.org","@graph":[{"@type":"WebPage","@id":"https:\/\/studiehuisreshiet.nl\/de\/produkt\/mal-lernbuch\/","url":"https:\/\/studiehuisreshiet.nl\/de\/produkt\/mal-lernbuch\/","name":"Mal-Lernbuch - Studiehuis Reshiet","isPartOf":{"@id":"https:\/\/studiehuisreshiet.nl\/de\/#website"},"primaryImageOfPage":{"@id":"https:\/\/studiehuisreshiet.nl\/de\/produkt\/mal-lernbuch\/#primaryimage"},"image":{"@id":"https:\/\/studiehuisreshiet.nl\/de\/produkt\/mal-lernbuch\/#primaryimage"},"thumbnailUrl":"https:\/\/studiehuisreshiet.nl\/wp-content\/uploads\/2025\/02\/Duits-scaled.jpg","datePublished":"2025-02-25T13:41:06+00:00","dateModified":"2026-02-04T11:02:21+00:00","breadcrumb":{"@id":"https:\/\/studiehuisreshiet.nl\/de\/produkt\/mal-lernbuch\/#breadcrumb"},"inLanguage":"de","potentialAction":[{"@type":"ReadAction","target":["https:\/\/studiehuisreshiet.nl\/de\/produkt\/mal-lernbuch\/"]}]},{"@type":"ImageObject","inLanguage":"de","@id":"https:\/\/studiehuisreshiet.nl\/de\/produkt\/mal-lernbuch\/#primaryimage","url":"https:\/\/studiehuisreshiet.nl\/wp-content\/uploads\/2025\/02\/Duits-scaled.jpg","contentUrl":"https:\/\/studiehuisreshiet.nl\/wp-content\/uploads\/2025\/02\/Duits-scaled.jpg","width":1920,"height":2560},{"@type":"BreadcrumbList","@id":"https:\/\/studiehuisreshiet.nl\/de\/produkt\/mal-lernbuch\/#breadcrumb","itemListElement":[{"@type":"ListItem","position":1,"name":"Home","item":"https:\/\/studiehuisreshiet.nl\/de\/voorbeeld-pagina\/"},{"@type":"ListItem","position":2,"name":"Mal-Lernbuch"}]},{"@type":"WebSite","@id":"https:\/\/studiehuisreshiet.nl\/de\/#website","url":"https:\/\/studiehuisreshiet.nl\/de\/","name":"Studiehuis Reshiet","description":"","potentialAction":[{"@type":"SearchAction","target":{"@type":"EntryPoint","urlTemplate":"https:\/\/studiehuisreshiet.nl\/de\/?s={search_term_string}"},"query-input":{"@type":"PropertyValueSpecification","valueRequired":true,"valueName":"search_term_string"}}],"inLanguage":"de"}]}},"_links":{"self":[{"href":"https:\/\/studiehuisreshiet.nl\/de\/wp-json\/wp\/v2\/product\/9215","targetHints":{"allow":["GET"]}}],"collection":[{"href":"https:\/\/studiehuisreshiet.nl\/de\/wp-json\/wp\/v2\/product"}],"about":[{"href":"https:\/\/studiehuisreshiet.nl\/de\/wp-json\/wp\/v2\/types\/product"}],"replies":[{"embeddable":true,"href":"https:\/\/studiehuisreshiet.nl\/de\/wp-json\/wp\/v2\/comments?post=9215"}],"wp:featuredmedia":[{"embeddable":true,"href":"https:\/\/studiehuisreshiet.nl\/de\/wp-json\/wp\/v2\/media\/8884"}],"wp:attachment":[{"href":"https:\/\/studiehuisreshiet.nl\/de\/wp-json\/wp\/v2\/media?parent=9215"}],"wp:term":[{"taxonomy":"product_brand","embeddable":true,"href":"https:\/\/studiehuisreshiet.nl\/de\/wp-json\/wp\/v2\/product_brand?post=9215"},{"taxonomy":"product_cat","embeddable":true,"href":"https:\/\/studiehuisreshiet.nl\/de\/wp-json\/wp\/v2\/product_cat?post=9215"},{"taxonomy":"product_tag","embeddable":true,"href":"https:\/\/studiehuisreshiet.nl\/de\/wp-json\/wp\/v2\/product_tag?post=9215"}],"curies":[{"name":"wp","href":"https:\/\/api.w.org\/{rel}","templated":true}]}}